{"id":6128,"date":"2024-09-04T09:49:14","date_gmt":"2024-09-04T09:49:14","guid":{"rendered":"https:\/\/www.qualitycert.ro\/?page_id=6128"},"modified":"2024-09-04T09:55:49","modified_gmt":"2024-09-04T09:55:49","slug":"cui-i-se-adreseaza-iso-22000","status":"publish","type":"page","link":"https:\/\/www.qualitycert.ro\/en\/cui-i-se-adreseaza-iso-22000\/","title":{"rendered":"Cui i se adreseaz\u0103 SR EN ISO 22000?"},"content":{"rendered":"<h3 class=\"wp-block-heading\">Cui i se adreseaz\u0103 SR EN ISO 22000?<\/h3>\n\n\n\n<p>Standardul <strong>SR EN ISO 22000<\/strong> se aplic\u0103 tuturor organiza\u021biilor din industria alimentar\u0103 \u0219i a hranei pentru animale, indiferent de dimensiune sau sector. Urm\u00e2nd aceea\u0219i structur\u0103 la nivel \u00eenalt ca \u0219i alte standarde ISO de management, cum ar fi SR EN ISO 9001 (managementul calit\u0103\u021bii), acest standard este conceput astfel \u00eenc\u00e2t s\u0103 poat\u0103 fi integrat \u00een procesele de management existente ale unei organiza\u021bii, dar \u00een acela\u0219i timp s\u0103 poat\u0103 fi utilizat \u0219i singur.<\/p>\n\n\n\n<h3 class=\"wp-block-heading\">Beneficiile certificarii <\/h3>\n\n\n\n<p><strong>SR EN ISO 22000 <\/strong>permite organiza\u021biilor s\u0103 pun\u0103 \u00een aplicare un sistem de management al siguran\u021bei alimentelor, care s\u0103 \u00eei ajute s\u0103-\u0219i \u00eembun\u0103t\u0103\u021beasc\u0103 performan\u021ba general\u0103 \u00een ceea ce prive\u0219te siguran\u021ba alimentar\u0103.<br>Beneficiile utiliz\u0103rii acestui standard pot fi:<\/p>\n\n\n\n<ul>\n<li>Capacitatea de a furniza \u00een mod consecvent produse \u0219i servicii legate de produsele alimentare care sunt sigure \u0219i \u00eendeplinesc cerin\u021bele de reglementare;<\/li>\n\n\n\n<li>\u00cembun\u0103t\u0103\u021birea gestion\u0103rii riscurilor \u00een procesele de siguran\u021b\u0103 alimentar\u0103.<\/li>\n<\/ul>\n\n\n\n<h3 class=\"wp-block-heading\">De ce certificare QUALITY CERT<\/h3>\n\n\n\n<p><strong>QUALITY CERT<\/strong> este un organism cu experienta in certificarea sistemului de management al sigurantei alimentelor conform cerintelor <strong>SR EN ISO 22000<\/strong>.<br>In urma finalizarii satisfacatoare a procesului de certificare, organizatiile certificate de <strong>QUALITY CERT<\/strong>:<\/p>\n\n\n\n<ul>\n<li>au dreptul de a utiliza marca de conformitate <strong>QUALITY CERT<\/strong> in scopuri promotionale;<\/li>\n\n\n\n<li>sunt informate, in mod constant, cu privire la evolutiile din domeniul sigurantei alimentelor si al certificarii prin posibilitatea accesarii website-ului <strong>QUALITY CERT <\/strong>la sectiunea Noutati.<\/li>\n<\/ul>\n\n\n\n<p><\/p>","protected":false},"excerpt":{"rendered":"<p>Cui i se adreseaz\u0103 SR EN ISO 22000? Standardul SR EN ISO 22000 se aplic\u0103 tuturor organiza\u021biilor din industria alimentar\u0103 \u0219i a hranei pentru animale, indiferent de dimensiune sau sector. Urm\u00e2nd aceea\u0219i structur\u0103 la nivel \u00eenalt ca \u0219i alte standarde ISO de management, cum ar fi SR EN ISO 9001 (managementul calit\u0103\u021bii), acest standard este &hellip;<\/p>","protected":false},"author":1,"featured_media":0,"parent":0,"menu_order":0,"comment_status":"closed","ping_status":"closed","template":"","meta":{"footnotes":""},"yoast_head":"<!-- This site is optimized with the Yoast SEO plugin v22.5 - https:\/\/yoast.com\/wordpress\/plugins\/seo\/ -->\n<title>Cui i se adreseaz\u0103 SR EN ISO 22000? - Quality Cert<\/title>\n<meta name=\"robots\" content=\"index, follow, max-snippet:-1, max-image-preview:large, max-video-preview:-1\" \/>\n<link rel=\"canonical\" href=\"https:\/\/www.qualitycert.ro\/en\/cui-i-se-adreseaza-iso-22000\/\" \/>\n<meta property=\"og:locale\" content=\"en_US\" \/>\n<meta property=\"og:type\" content=\"article\" \/>\n<meta property=\"og:title\" content=\"Cui i se adreseaz\u0103 SR EN ISO 22000? - Quality Cert\" \/>\n<meta property=\"og:description\" content=\"Cui i se adreseaz\u0103 SR EN ISO 22000? Standardul SR EN ISO 22000 se aplic\u0103 tuturor organiza\u021biilor din industria alimentar\u0103 \u0219i a hranei pentru animale, indiferent de dimensiune sau sector. Urm\u00e2nd aceea\u0219i structur\u0103 la nivel \u00eenalt ca \u0219i alte standarde ISO de management, cum ar fi SR EN ISO 9001 (managementul calit\u0103\u021bii), acest standard este &hellip;\" \/>\n<meta property=\"og:url\" content=\"https:\/\/www.qualitycert.ro\/en\/cui-i-se-adreseaza-iso-22000\/\" \/>\n<meta property=\"og:site_name\" content=\"Quality Cert\" \/>\n<meta property=\"article:modified_time\" content=\"2024-09-04T09:55:49+00:00\" \/>\n<meta name=\"twitter:card\" content=\"summary_large_image\" \/>\n<meta name=\"twitter:label1\" content=\"Est. reading time\" \/>\n\t<meta name=\"twitter:data1\" content=\"1 minute\" \/>\n<script type=\"application\/ld+json\" class=\"yoast-schema-graph\">{\"@context\":\"https:\/\/schema.org\",\"@graph\":[{\"@type\":\"WebPage\",\"@id\":\"https:\/\/www.qualitycert.ro\/cui-i-se-adreseaza-iso-22000\/\",\"url\":\"https:\/\/www.qualitycert.ro\/cui-i-se-adreseaza-iso-22000\/\",\"name\":\"Cui i se adreseaz\u0103 SR EN ISO 22000? - Quality Cert\",\"isPartOf\":{\"@id\":\"https:\/\/www.qualitycert.ro\/#website\"},\"datePublished\":\"2024-09-04T09:49:14+00:00\",\"dateModified\":\"2024-09-04T09:55:49+00:00\",\"breadcrumb\":{\"@id\":\"https:\/\/www.qualitycert.ro\/cui-i-se-adreseaza-iso-22000\/#breadcrumb\"},\"inLanguage\":\"en-US\",\"potentialAction\":[{\"@type\":\"ReadAction\",\"target\":[\"https:\/\/www.qualitycert.ro\/cui-i-se-adreseaza-iso-22000\/\"]}]},{\"@type\":\"BreadcrumbList\",\"@id\":\"https:\/\/www.qualitycert.ro\/cui-i-se-adreseaza-iso-22000\/#breadcrumb\",\"itemListElement\":[{\"@type\":\"ListItem\",\"position\":1,\"name\":\"Home\",\"item\":\"https:\/\/www.qualitycert.ro\/\"},{\"@type\":\"ListItem\",\"position\":2,\"name\":\"Cui i se adreseaz\u0103 SR EN ISO 22000?\"}]},{\"@type\":\"WebSite\",\"@id\":\"https:\/\/www.qualitycert.ro\/#website\",\"url\":\"https:\/\/www.qualitycert.ro\/\",\"name\":\"Quality Cert\",\"description\":\"Organism de Certificare\",\"potentialAction\":[{\"@type\":\"SearchAction\",\"target\":{\"@type\":\"EntryPoint\",\"urlTemplate\":\"https:\/\/www.qualitycert.ro\/?s={search_term_string}\"},\"query-input\":\"required name=search_term_string\"}],\"inLanguage\":\"en-US\"}]}<\/script>\n<!-- \/ Yoast SEO plugin. -->","yoast_head_json":{"title":"Cui i se adreseaz\u0103 SR EN ISO 22000? - Quality Cert","robots":{"index":"index","follow":"follow","max-snippet":"max-snippet:-1","max-image-preview":"max-image-preview:large","max-video-preview":"max-video-preview:-1"},"canonical":"https:\/\/www.qualitycert.ro\/en\/cui-i-se-adreseaza-iso-22000\/","og_locale":"en_US","og_type":"article","og_title":"Cui i se adreseaz\u0103 SR EN ISO 22000? - Quality Cert","og_description":"Cui i se adreseaz\u0103 SR EN ISO 22000? Standardul SR EN ISO 22000 se aplic\u0103 tuturor organiza\u021biilor din industria alimentar\u0103 \u0219i a hranei pentru animale, indiferent de dimensiune sau sector. Urm\u00e2nd aceea\u0219i structur\u0103 la nivel \u00eenalt ca \u0219i alte standarde ISO de management, cum ar fi SR EN ISO 9001 (managementul calit\u0103\u021bii), acest standard este &hellip;","og_url":"https:\/\/www.qualitycert.ro\/en\/cui-i-se-adreseaza-iso-22000\/","og_site_name":"Quality Cert","article_modified_time":"2024-09-04T09:55:49+00:00","twitter_card":"summary_large_image","twitter_misc":{"Est. reading time":"1 minute"},"schema":{"@context":"https:\/\/schema.org","@graph":[{"@type":"WebPage","@id":"https:\/\/www.qualitycert.ro\/cui-i-se-adreseaza-iso-22000\/","url":"https:\/\/www.qualitycert.ro\/cui-i-se-adreseaza-iso-22000\/","name":"Cui i se adreseaz\u0103 SR EN ISO 22000? - Quality Cert","isPartOf":{"@id":"https:\/\/www.qualitycert.ro\/#website"},"datePublished":"2024-09-04T09:49:14+00:00","dateModified":"2024-09-04T09:55:49+00:00","breadcrumb":{"@id":"https:\/\/www.qualitycert.ro\/cui-i-se-adreseaza-iso-22000\/#breadcrumb"},"inLanguage":"en-US","potentialAction":[{"@type":"ReadAction","target":["https:\/\/www.qualitycert.ro\/cui-i-se-adreseaza-iso-22000\/"]}]},{"@type":"BreadcrumbList","@id":"https:\/\/www.qualitycert.ro\/cui-i-se-adreseaza-iso-22000\/#breadcrumb","itemListElement":[{"@type":"ListItem","position":1,"name":"Home","item":"https:\/\/www.qualitycert.ro\/"},{"@type":"ListItem","position":2,"name":"Cui i se adreseaz\u0103 SR EN ISO 22000?"}]},{"@type":"WebSite","@id":"https:\/\/www.qualitycert.ro\/#website","url":"https:\/\/www.qualitycert.ro\/","name":"Quality Cert","description":"Organism de Certificare","potentialAction":[{"@type":"SearchAction","target":{"@type":"EntryPoint","urlTemplate":"https:\/\/www.qualitycert.ro\/?s={search_term_string}"},"query-input":"required name=search_term_string"}],"inLanguage":"en-US"}]}},"_links":{"self":[{"href":"https:\/\/www.qualitycert.ro\/en\/wp-json\/wp\/v2\/pages\/6128"}],"collection":[{"href":"https:\/\/www.qualitycert.ro\/en\/wp-json\/wp\/v2\/pages"}],"about":[{"href":"https:\/\/www.qualitycert.ro\/en\/wp-json\/wp\/v2\/types\/page"}],"author":[{"embeddable":true,"href":"https:\/\/www.qualitycert.ro\/en\/wp-json\/wp\/v2\/users\/1"}],"replies":[{"embeddable":true,"href":"https:\/\/www.qualitycert.ro\/en\/wp-json\/wp\/v2\/comments?post=6128"}],"version-history":[{"count":4,"href":"https:\/\/www.qualitycert.ro\/en\/wp-json\/wp\/v2\/pages\/6128\/revisions"}],"predecessor-version":[{"id":6138,"href":"https:\/\/www.qualitycert.ro\/en\/wp-json\/wp\/v2\/pages\/6128\/revisions\/6138"}],"wp:attachment":[{"href":"https:\/\/www.qualitycert.ro\/en\/wp-json\/wp\/v2\/media?parent=6128"}],"curies":[{"name":"wp","href":"https:\/\/api.w.org\/{rel}","templated":true}]}}