{"id":4887,"date":"2018-08-23T12:43:11","date_gmt":"2018-08-23T12:43:11","guid":{"rendered":"http:\/\/www.qualitycert.ro\/?page_id=4887"},"modified":"2020-10-16T17:50:11","modified_gmt":"2020-10-16T17:50:11","slug":"certificare-iso-cei-27001","status":"publish","type":"page","link":"https:\/\/www.qualitycert.ro\/en\/certificare-iso-cei-27001\/","title":{"rendered":"ISO\/CEI 27001"},"content":{"rendered":"<h3 style=\"text-align: center;\"><span style=\"color: #ff0000;\"><strong><u>CERTIFICATION OF <\/u><\/strong><strong><u>ISO\/IEC 27001 \u2013 INFORMATION SECURITY MANAGEMENT SYSTEM<\/u><\/strong><\/span><\/h3>\n<p>&nbsp;<\/p>\n<p>&nbsp;<\/p>\n<p>ISO\/IEC 27001 is an international standard published by <a href=\"https:\/\/www.iso.org\/home.html\" target=\"_blank\" rel=\"noopener noreferrer\">the International Organization for Standardization (ISO)<\/a> and <a href=\"http:\/\/www.iec.ch\/\" target=\"_blank\" rel=\"noopener noreferrer\">the International Electrotechnical Commission (IEC)<\/a> and is a specification for the information security management system.<\/p>\n<p>ISO\/IEC 27001 certification responds to increasingly competitive markets, customer requirements for security, and the use of economic intelligence in organizations.<\/p>\n<p>&nbsp;<\/p>\n<p>&nbsp;<\/p>\n<p><strong><u>THE ADVANTAGES OF CERTIFICATION OF INFORMATION SECURITY MANAGEMENT SYSTEM<\/u><\/strong><\/p>\n<ul>\n<li>ensuring compliance with specific legislation;<\/li>\n<li>favorable perception from suppliers, beneficiaries and society as a whole;<\/li>\n<li>providing a significant competitive advantage for trading with companies in certain regulated sectors;<\/li>\n<li>building a culture of security and minimizing risk exposure;<\/li>\n<li>ensure a business continuity and disaster recovery plan, appropriate for the organization.<\/li>\n<\/ul>\n<p>&nbsp;<\/p>\n<p>&nbsp;<\/p>\n<p><strong><u>WHY QUALITY CERT?<\/u><\/strong><\/p>\n<p>QUALITY CERT has over 10 years of experience in certifying information security management systems.<\/p>\n<p>Following the completion of the certification process, QUALITY CERT certified organizations<\/p>\n<ul>\n<li>have the right to use the QUALITY CERT conformity mark for promotional purposes;<\/li>\n<li>are informed about changes and developments in the field of information security management systems.<\/li>\n<\/ul>\n<p>&nbsp;<\/p>\n<p>&nbsp;<\/p>\n<p><strong><u>PHASES OF CERTIFICATION<\/u><\/strong><\/p>\n<p>The following scheme shall apply to the provision of certification:<\/p>\n<ul>\n<li>Drafting the offer, based on the organization data, received by filling in the \"Request for certification\" and \"The self-assessment questionnaire\" of the economic agent requesting certification;<\/li>\n<li>audit carried out by a team with specific qualifications in the field;<\/li>\n<li>if the audit has positive results, the phase of evaluation is carried out by independent staff, others from the audit team;<\/li>\n<li>certificate issue.<\/li>\n<\/ul>\n<p><a href=\"http:\/\/www.qualitycert.ro\/wp-content\/uploads\/2018\/08\/Flux-de-certificare-1.pdf\" target=\"_blank\" rel=\"noopener noreferrer\">Complete flow<\/a>&nbsp;of the process&nbsp;<a href=\"http:\/\/www.qualitycert.ro\/wp-content\/uploads\/2018\/08\/Flux-de-certificare-1.pdf\" target=\"_blank\" rel=\"noopener noreferrer\">download here<\/a>.<\/p>\n<h4><\/h4>\n<p>&nbsp;<\/p>\n<p><strong>CERTIFICATION COSTS<\/strong><\/p>\n<p>In order to send you an offer regarding the costs of certification of the information and security management system, please send us your request&nbsp;<a href=\"http:\/\/www.qualitycert.ro\/en\/cere-oferta\/\" target=\"_blank\" rel=\"noopener noreferrer\">your request<\/a>, and we will respond as soon as possible.<\/p>","protected":false},"excerpt":{"rendered":"<p>CERTIFICARE ISO\/CEI 27001- SISTEM DE MANAGEMENT AL SECURITATII INFORMATIEI &nbsp; &nbsp; \u200bStandardul ISO\/CEI 27001 este un standard international publicat de catre Organizatia Internationala de Standardizare (ISO) si Comisia Electrotehnica Internationala (IEC) si este o specificatie pentru sistemul de management al securitatii informatiei. Certificarea ISO\/IEC 27001 r\u0103spunde unor pie\u0163e din ce \u00een ce mai competitive, cerin\u0163elor &hellip;<\/p>","protected":false},"author":1,"featured_media":0,"parent":0,"menu_order":0,"comment_status":"closed","ping_status":"closed","template":"","meta":{"footnotes":""},"yoast_head":"<!-- This site is optimized with the Yoast SEO plugin v22.5 - https:\/\/yoast.com\/wordpress\/plugins\/seo\/ -->\n<title>ISO\/CEI 27001 - Quality Cert<\/title>\n<meta name=\"robots\" content=\"index, follow, max-snippet:-1, max-image-preview:large, max-video-preview:-1\" \/>\n<link rel=\"canonical\" href=\"https:\/\/www.qualitycert.ro\/en\/certificare-iso-cei-27001\/\" \/>\n<meta property=\"og:locale\" content=\"en_US\" \/>\n<meta property=\"og:type\" content=\"article\" \/>\n<meta property=\"og:title\" content=\"ISO\/CEI 27001 - Quality Cert\" \/>\n<meta property=\"og:description\" content=\"CERTIFICARE ISO\/CEI 27001- SISTEM DE MANAGEMENT AL SECURITATII INFORMATIEI &nbsp; &nbsp; \u200bStandardul ISO\/CEI 27001 este un standard international publicat de catre Organizatia Internationala de Standardizare (ISO) si Comisia Electrotehnica Internationala (IEC) si este o specificatie pentru sistemul de management al securitatii informatiei. Certificarea ISO\/IEC 27001 r\u0103spunde unor pie\u0163e din ce \u00een ce mai competitive, cerin\u0163elor &hellip;\" \/>\n<meta property=\"og:url\" content=\"https:\/\/www.qualitycert.ro\/en\/certificare-iso-cei-27001\/\" \/>\n<meta property=\"og:site_name\" content=\"Quality Cert\" \/>\n<meta property=\"article:modified_time\" content=\"2020-10-16T17:50:11+00:00\" \/>\n<meta name=\"twitter:card\" content=\"summary_large_image\" \/>\n<meta name=\"twitter:label1\" content=\"Est. reading time\" \/>\n\t<meta name=\"twitter:data1\" content=\"2 minutes\" \/>\n<script type=\"application\/ld+json\" class=\"yoast-schema-graph\">{\"@context\":\"https:\/\/schema.org\",\"@graph\":[{\"@type\":\"WebPage\",\"@id\":\"https:\/\/www.qualitycert.ro\/certificare-iso-cei-27001\/\",\"url\":\"https:\/\/www.qualitycert.ro\/certificare-iso-cei-27001\/\",\"name\":\"ISO\/CEI 27001 - Quality Cert\",\"isPartOf\":{\"@id\":\"https:\/\/www.qualitycert.ro\/#website\"},\"datePublished\":\"2018-08-23T12:43:11+00:00\",\"dateModified\":\"2020-10-16T17:50:11+00:00\",\"breadcrumb\":{\"@id\":\"https:\/\/www.qualitycert.ro\/certificare-iso-cei-27001\/#breadcrumb\"},\"inLanguage\":\"en-US\",\"potentialAction\":[{\"@type\":\"ReadAction\",\"target\":[\"https:\/\/www.qualitycert.ro\/certificare-iso-cei-27001\/\"]}]},{\"@type\":\"BreadcrumbList\",\"@id\":\"https:\/\/www.qualitycert.ro\/certificare-iso-cei-27001\/#breadcrumb\",\"itemListElement\":[{\"@type\":\"ListItem\",\"position\":1,\"name\":\"Home\",\"item\":\"https:\/\/www.qualitycert.ro\/\"},{\"@type\":\"ListItem\",\"position\":2,\"name\":\"ISO\/CEI 27001\"}]},{\"@type\":\"WebSite\",\"@id\":\"https:\/\/www.qualitycert.ro\/#website\",\"url\":\"https:\/\/www.qualitycert.ro\/\",\"name\":\"Quality Cert\",\"description\":\"Organism de Certificare\",\"potentialAction\":[{\"@type\":\"SearchAction\",\"target\":{\"@type\":\"EntryPoint\",\"urlTemplate\":\"https:\/\/www.qualitycert.ro\/?s={search_term_string}\"},\"query-input\":\"required name=search_term_string\"}],\"inLanguage\":\"en-US\"}]}<\/script>\n<!-- \/ Yoast SEO plugin. -->","yoast_head_json":{"title":"ISO\/CEI 27001 - Quality Cert","robots":{"index":"index","follow":"follow","max-snippet":"max-snippet:-1","max-image-preview":"max-image-preview:large","max-video-preview":"max-video-preview:-1"},"canonical":"https:\/\/www.qualitycert.ro\/en\/certificare-iso-cei-27001\/","og_locale":"en_US","og_type":"article","og_title":"ISO\/CEI 27001 - Quality Cert","og_description":"CERTIFICARE ISO\/CEI 27001- SISTEM DE MANAGEMENT AL SECURITATII INFORMATIEI &nbsp; &nbsp; \u200bStandardul ISO\/CEI 27001 este un standard international publicat de catre Organizatia Internationala de Standardizare (ISO) si Comisia Electrotehnica Internationala (IEC) si este o specificatie pentru sistemul de management al securitatii informatiei. Certificarea ISO\/IEC 27001 r\u0103spunde unor pie\u0163e din ce \u00een ce mai competitive, cerin\u0163elor &hellip;","og_url":"https:\/\/www.qualitycert.ro\/en\/certificare-iso-cei-27001\/","og_site_name":"Quality Cert","article_modified_time":"2020-10-16T17:50:11+00:00","twitter_card":"summary_large_image","twitter_misc":{"Est. reading time":"2 minutes"},"schema":{"@context":"https:\/\/schema.org","@graph":[{"@type":"WebPage","@id":"https:\/\/www.qualitycert.ro\/certificare-iso-cei-27001\/","url":"https:\/\/www.qualitycert.ro\/certificare-iso-cei-27001\/","name":"ISO\/CEI 27001 - Quality Cert","isPartOf":{"@id":"https:\/\/www.qualitycert.ro\/#website"},"datePublished":"2018-08-23T12:43:11+00:00","dateModified":"2020-10-16T17:50:11+00:00","breadcrumb":{"@id":"https:\/\/www.qualitycert.ro\/certificare-iso-cei-27001\/#breadcrumb"},"inLanguage":"en-US","potentialAction":[{"@type":"ReadAction","target":["https:\/\/www.qualitycert.ro\/certificare-iso-cei-27001\/"]}]},{"@type":"BreadcrumbList","@id":"https:\/\/www.qualitycert.ro\/certificare-iso-cei-27001\/#breadcrumb","itemListElement":[{"@type":"ListItem","position":1,"name":"Home","item":"https:\/\/www.qualitycert.ro\/"},{"@type":"ListItem","position":2,"name":"ISO\/CEI 27001"}]},{"@type":"WebSite","@id":"https:\/\/www.qualitycert.ro\/#website","url":"https:\/\/www.qualitycert.ro\/","name":"Quality Cert","description":"Organism de Certificare","potentialAction":[{"@type":"SearchAction","target":{"@type":"EntryPoint","urlTemplate":"https:\/\/www.qualitycert.ro\/?s={search_term_string}"},"query-input":"required name=search_term_string"}],"inLanguage":"en-US"}]}},"_links":{"self":[{"href":"https:\/\/www.qualitycert.ro\/en\/wp-json\/wp\/v2\/pages\/4887"}],"collection":[{"href":"https:\/\/www.qualitycert.ro\/en\/wp-json\/wp\/v2\/pages"}],"about":[{"href":"https:\/\/www.qualitycert.ro\/en\/wp-json\/wp\/v2\/types\/page"}],"author":[{"embeddable":true,"href":"https:\/\/www.qualitycert.ro\/en\/wp-json\/wp\/v2\/users\/1"}],"replies":[{"embeddable":true,"href":"https:\/\/www.qualitycert.ro\/en\/wp-json\/wp\/v2\/comments?post=4887"}],"version-history":[{"count":4,"href":"https:\/\/www.qualitycert.ro\/en\/wp-json\/wp\/v2\/pages\/4887\/revisions"}],"predecessor-version":[{"id":5101,"href":"https:\/\/www.qualitycert.ro\/en\/wp-json\/wp\/v2\/pages\/4887\/revisions\/5101"}],"wp:attachment":[{"href":"https:\/\/www.qualitycert.ro\/en\/wp-json\/wp\/v2\/media?parent=4887"}],"curies":[{"name":"wp","href":"https:\/\/api.w.org\/{rel}","templated":true}]}}