{"id":4873,"date":"2018-08-23T12:29:00","date_gmt":"2018-08-23T12:29:00","guid":{"rendered":"http:\/\/www.qualitycert.ro\/?page_id=4873"},"modified":"2024-09-04T09:32:49","modified_gmt":"2024-09-04T09:32:49","slug":"certificare-ohsas-18001-iso-45001","status":"publish","type":"page","link":"https:\/\/www.qualitycert.ro\/en\/certificare-ohsas-18001-iso-45001\/","title":{"rendered":"OHSAS 18001\/ ISO 45001"},"content":{"rendered":"<h3 style=\"text-align: center;\"><span style=\"color: #ff0000;\"><strong><u>\u00a0ISO 45001 CERTIFICATION \u2013 OCCUPATIONAL HEALTH AND SAFETY MANAGEMENT SYSTEM<\/u><\/strong><\/span><\/h3>\n<p style=\"font-size: 16px; font-weight: 400; text-align: start;\"><a href=\"http:\/\/www.qualitycert.ro\/en\/cere-oferta\/\" target=\"_blank\" rel=\"noopener noreferrer\"><img loading=\"lazy\" decoding=\"async\" class=\"alignright wp-image-4874 size-medium\" src=\"http:\/\/www.qualitycert.ro\/wp-content\/uploads\/2018\/08\/18001-208x300.png\" alt=\"\" width=\"208\" height=\"300\" srcset=\"https:\/\/www.qualitycert.ro\/wp-content\/uploads\/2018\/08\/18001-208x300.png 208w, https:\/\/www.qualitycert.ro\/wp-content\/uploads\/2018\/08\/18001.png 312w\" sizes=\"(max-width: 208px) 100vw, 208px\" \/><\/a><\/p>\n<p>Standardul SR EN ISO 45001 furnizeaz\u0103 organiza\u021biilor elementele unui sistem eficace de management al siguran\u021bei, sistem care poate fi integrat cu alte sisteme de management.<\/p>\n<p>It helps organizations achieve enhanced performance in health and safety at work, and economic goals, as well as manage occupational risks as best they can.<\/p>\n<p style=\"text-align: right;\"><a href=\"http:\/\/www.qualitycert.ro\/en\/cere-oferta\/\" target=\"_blank\" rel=\"noopener noreferrer\">Ask for certification of health and safety at work management systems<\/a><\/p>\n<p><strong><u>THE ADVANTAGES OF CERTIFICATION OF THE NMANAGEMENT SYSTEM OF OCCUPATIONAL HEALTH AND SAFETY<\/u><\/strong><\/p>\n<ul>\n<li>creating a safe and transparent work system by reducing the potential for accidents;<\/li>\n<li>ensuring compliance with specific legislation;<\/li>\n<li>ensuring compliance with specific legislation;<\/li>\n<li>improving the overall performance of economic operators;<\/li>\n<li>favorable perception from suppliers, beneficiaries and society as a whole.<\/li>\n<\/ul>\n<p><strong><u>WHY QUALITY CERT?<\/u><\/strong><\/p>\n<p>QUALITY CERT has over 10 years of experience in certifying occupational health and safety management systems.<\/p>\n<p>Following the completion of the certification process, QUALITY CERT certified organizations<\/p>\n<ul>\n<li>have the right to use the QUALITY CERT conformity mark for promotional purposes;<\/li>\n<li>they are informed regarding the evolutions in the field of occupational health and safety and certification.<\/li>\n<\/ul>\n<p><strong><u>PHASES OF CERTIFICATION<\/u><\/strong><\/p>\n<p>The following scheme shall apply to the provision of certification:<\/p>\n<ul>\n<li>Drafting the offer, based on the organization data, received by filling in the \"Request for certification\" and \"The self-assessment questionnaire\" of the economic agent requesting certification;<\/li>\n<li>audit carried out by a team with specific qualifications in the field;<\/li>\n<li>if the audit has positive results, the phase of evaluation is carried out by independent staff, others from the audit team;<\/li>\n<li>certificate issue.<\/li>\n<\/ul>\n<p><a href=\"http:\/\/www.qualitycert.ro\/wp-content\/uploads\/2018\/08\/Flux-de-certificare-1.pdf\" target=\"_blank\" rel=\"noopener noreferrer\">Complete flow<\/a>\u00a0of the process\u00a0<a href=\"http:\/\/www.qualitycert.ro\/wp-content\/uploads\/2018\/08\/Flux-de-certificare-1.pdf\" target=\"_blank\" rel=\"noopener noreferrer\">download here<\/a>.<\/p>\n<h3><\/h3>\n<p><strong>CERTIFICATION COSTS<\/strong><\/p>\n<p>In order to send you an offer regarding the costs of certification of the quality management system, please send us your request\u00a0<a href=\"http:\/\/www.qualitycert.ro\/en\/cere-oferta\/\" target=\"_blank\" rel=\"noopener noreferrer\">your request<\/a>, and we will respond as soon as possible.<\/p>","protected":false},"excerpt":{"rendered":"<p>\u00a0CERTIFICARE ISO 45001- SISTEM DE MANAGEMENT AL SANATATII SI SECURITATII IN MUNCA Standardul SR EN ISO 45001 furnizeaz\u0103 organiza\u021biilor elementele unui sistem eficace de management al siguran\u021bei, sistem care poate fi integrat cu alte sisteme de management. Acesta ajut\u0103 organiza\u021biile s\u0103 realizeze performan\u021be sporite \u00een materie de s\u0103n\u0103tate \u0219i siguran\u021b\u0103 \u00een munc\u0103, \u0219i obiective economice, &hellip;<\/p>","protected":false},"author":1,"featured_media":5868,"parent":0,"menu_order":0,"comment_status":"closed","ping_status":"closed","template":"","meta":{"footnotes":""},"yoast_head":"<!-- This site is optimized with the Yoast SEO plugin v22.5 - https:\/\/yoast.com\/wordpress\/plugins\/seo\/ -->\n<title>OHSAS 18001\/ ISO 45001 - Quality Cert<\/title>\n<meta name=\"robots\" content=\"index, follow, max-snippet:-1, max-image-preview:large, max-video-preview:-1\" \/>\n<link rel=\"canonical\" href=\"https:\/\/www.qualitycert.ro\/en\/certificare-ohsas-18001-iso-45001\/\" \/>\n<meta property=\"og:locale\" content=\"en_US\" \/>\n<meta property=\"og:type\" content=\"article\" \/>\n<meta property=\"og:title\" content=\"OHSAS 18001\/ ISO 45001 - Quality Cert\" \/>\n<meta property=\"og:description\" content=\"\u00a0CERTIFICARE ISO 45001- SISTEM DE MANAGEMENT AL SANATATII SI SECURITATII IN MUNCA Standardul SR EN ISO 45001 furnizeaz\u0103 organiza\u021biilor elementele unui sistem eficace de management al siguran\u021bei, sistem care poate fi integrat cu alte sisteme de management. Acesta ajut\u0103 organiza\u021biile s\u0103 realizeze performan\u021be sporite \u00een materie de s\u0103n\u0103tate \u0219i siguran\u021b\u0103 \u00een munc\u0103, \u0219i obiective economice, &hellip;\" \/>\n<meta property=\"og:url\" content=\"https:\/\/www.qualitycert.ro\/en\/certificare-ohsas-18001-iso-45001\/\" \/>\n<meta property=\"og:site_name\" content=\"Quality Cert\" \/>\n<meta property=\"article:modified_time\" content=\"2024-09-04T09:32:49+00:00\" \/>\n<meta property=\"og:image\" content=\"https:\/\/www.qualitycert.ro\/wp-content\/uploads\/2022\/06\/ohsas-18001-iso-45001.jpg\" \/>\n\t<meta property=\"og:image:width\" content=\"800\" \/>\n\t<meta property=\"og:image:height\" content=\"456\" \/>\n\t<meta property=\"og:image:type\" content=\"image\/jpeg\" \/>\n<meta name=\"twitter:card\" content=\"summary_large_image\" \/>\n<meta name=\"twitter:label1\" content=\"Est. reading time\" \/>\n\t<meta name=\"twitter:data1\" content=\"2 minutes\" \/>\n<script type=\"application\/ld+json\" class=\"yoast-schema-graph\">{\"@context\":\"https:\/\/schema.org\",\"@graph\":[{\"@type\":\"WebPage\",\"@id\":\"https:\/\/www.qualitycert.ro\/certificare-ohsas-18001-iso-45001\/\",\"url\":\"https:\/\/www.qualitycert.ro\/certificare-ohsas-18001-iso-45001\/\",\"name\":\"OHSAS 18001\/ ISO 45001 - Quality Cert\",\"isPartOf\":{\"@id\":\"https:\/\/www.qualitycert.ro\/#website\"},\"primaryImageOfPage\":{\"@id\":\"https:\/\/www.qualitycert.ro\/certificare-ohsas-18001-iso-45001\/#primaryimage\"},\"image\":{\"@id\":\"https:\/\/www.qualitycert.ro\/certificare-ohsas-18001-iso-45001\/#primaryimage\"},\"thumbnailUrl\":\"https:\/\/www.qualitycert.ro\/wp-content\/uploads\/2022\/06\/ohsas-18001-iso-45001.jpg\",\"datePublished\":\"2018-08-23T12:29:00+00:00\",\"dateModified\":\"2024-09-04T09:32:49+00:00\",\"breadcrumb\":{\"@id\":\"https:\/\/www.qualitycert.ro\/certificare-ohsas-18001-iso-45001\/#breadcrumb\"},\"inLanguage\":\"en-US\",\"potentialAction\":[{\"@type\":\"ReadAction\",\"target\":[\"https:\/\/www.qualitycert.ro\/certificare-ohsas-18001-iso-45001\/\"]}]},{\"@type\":\"ImageObject\",\"inLanguage\":\"en-US\",\"@id\":\"https:\/\/www.qualitycert.ro\/certificare-ohsas-18001-iso-45001\/#primaryimage\",\"url\":\"https:\/\/www.qualitycert.ro\/wp-content\/uploads\/2022\/06\/ohsas-18001-iso-45001.jpg\",\"contentUrl\":\"https:\/\/www.qualitycert.ro\/wp-content\/uploads\/2022\/06\/ohsas-18001-iso-45001.jpg\",\"width\":800,\"height\":456},{\"@type\":\"BreadcrumbList\",\"@id\":\"https:\/\/www.qualitycert.ro\/certificare-ohsas-18001-iso-45001\/#breadcrumb\",\"itemListElement\":[{\"@type\":\"ListItem\",\"position\":1,\"name\":\"Home\",\"item\":\"https:\/\/www.qualitycert.ro\/\"},{\"@type\":\"ListItem\",\"position\":2,\"name\":\"OHSAS 18001\/ ISO 45001\"}]},{\"@type\":\"WebSite\",\"@id\":\"https:\/\/www.qualitycert.ro\/#website\",\"url\":\"https:\/\/www.qualitycert.ro\/\",\"name\":\"Quality Cert\",\"description\":\"Organism de Certificare\",\"potentialAction\":[{\"@type\":\"SearchAction\",\"target\":{\"@type\":\"EntryPoint\",\"urlTemplate\":\"https:\/\/www.qualitycert.ro\/?s={search_term_string}\"},\"query-input\":\"required name=search_term_string\"}],\"inLanguage\":\"en-US\"}]}<\/script>\n<!-- \/ Yoast SEO plugin. -->","yoast_head_json":{"title":"OHSAS 18001\/ ISO 45001 - Quality Cert","robots":{"index":"index","follow":"follow","max-snippet":"max-snippet:-1","max-image-preview":"max-image-preview:large","max-video-preview":"max-video-preview:-1"},"canonical":"https:\/\/www.qualitycert.ro\/en\/certificare-ohsas-18001-iso-45001\/","og_locale":"en_US","og_type":"article","og_title":"OHSAS 18001\/ ISO 45001 - Quality Cert","og_description":"\u00a0CERTIFICARE ISO 45001- SISTEM DE MANAGEMENT AL SANATATII SI SECURITATII IN MUNCA Standardul SR EN ISO 45001 furnizeaz\u0103 organiza\u021biilor elementele unui sistem eficace de management al siguran\u021bei, sistem care poate fi integrat cu alte sisteme de management. Acesta ajut\u0103 organiza\u021biile s\u0103 realizeze performan\u021be sporite \u00een materie de s\u0103n\u0103tate \u0219i siguran\u021b\u0103 \u00een munc\u0103, \u0219i obiective economice, &hellip;","og_url":"https:\/\/www.qualitycert.ro\/en\/certificare-ohsas-18001-iso-45001\/","og_site_name":"Quality Cert","article_modified_time":"2024-09-04T09:32:49+00:00","og_image":[{"width":800,"height":456,"url":"https:\/\/www.qualitycert.ro\/wp-content\/uploads\/2022\/06\/ohsas-18001-iso-45001.jpg","type":"image\/jpeg"}],"twitter_card":"summary_large_image","twitter_misc":{"Est. reading time":"2 minutes"},"schema":{"@context":"https:\/\/schema.org","@graph":[{"@type":"WebPage","@id":"https:\/\/www.qualitycert.ro\/certificare-ohsas-18001-iso-45001\/","url":"https:\/\/www.qualitycert.ro\/certificare-ohsas-18001-iso-45001\/","name":"OHSAS 18001\/ ISO 45001 - Quality Cert","isPartOf":{"@id":"https:\/\/www.qualitycert.ro\/#website"},"primaryImageOfPage":{"@id":"https:\/\/www.qualitycert.ro\/certificare-ohsas-18001-iso-45001\/#primaryimage"},"image":{"@id":"https:\/\/www.qualitycert.ro\/certificare-ohsas-18001-iso-45001\/#primaryimage"},"thumbnailUrl":"https:\/\/www.qualitycert.ro\/wp-content\/uploads\/2022\/06\/ohsas-18001-iso-45001.jpg","datePublished":"2018-08-23T12:29:00+00:00","dateModified":"2024-09-04T09:32:49+00:00","breadcrumb":{"@id":"https:\/\/www.qualitycert.ro\/certificare-ohsas-18001-iso-45001\/#breadcrumb"},"inLanguage":"en-US","potentialAction":[{"@type":"ReadAction","target":["https:\/\/www.qualitycert.ro\/certificare-ohsas-18001-iso-45001\/"]}]},{"@type":"ImageObject","inLanguage":"en-US","@id":"https:\/\/www.qualitycert.ro\/certificare-ohsas-18001-iso-45001\/#primaryimage","url":"https:\/\/www.qualitycert.ro\/wp-content\/uploads\/2022\/06\/ohsas-18001-iso-45001.jpg","contentUrl":"https:\/\/www.qualitycert.ro\/wp-content\/uploads\/2022\/06\/ohsas-18001-iso-45001.jpg","width":800,"height":456},{"@type":"BreadcrumbList","@id":"https:\/\/www.qualitycert.ro\/certificare-ohsas-18001-iso-45001\/#breadcrumb","itemListElement":[{"@type":"ListItem","position":1,"name":"Home","item":"https:\/\/www.qualitycert.ro\/"},{"@type":"ListItem","position":2,"name":"OHSAS 18001\/ ISO 45001"}]},{"@type":"WebSite","@id":"https:\/\/www.qualitycert.ro\/#website","url":"https:\/\/www.qualitycert.ro\/","name":"Quality Cert","description":"Organism de Certificare","potentialAction":[{"@type":"SearchAction","target":{"@type":"EntryPoint","urlTemplate":"https:\/\/www.qualitycert.ro\/?s={search_term_string}"},"query-input":"required name=search_term_string"}],"inLanguage":"en-US"}]}},"_links":{"self":[{"href":"https:\/\/www.qualitycert.ro\/en\/wp-json\/wp\/v2\/pages\/4873"}],"collection":[{"href":"https:\/\/www.qualitycert.ro\/en\/wp-json\/wp\/v2\/pages"}],"about":[{"href":"https:\/\/www.qualitycert.ro\/en\/wp-json\/wp\/v2\/types\/page"}],"author":[{"embeddable":true,"href":"https:\/\/www.qualitycert.ro\/en\/wp-json\/wp\/v2\/users\/1"}],"replies":[{"embeddable":true,"href":"https:\/\/www.qualitycert.ro\/en\/wp-json\/wp\/v2\/comments?post=4873"}],"version-history":[{"count":12,"href":"https:\/\/www.qualitycert.ro\/en\/wp-json\/wp\/v2\/pages\/4873\/revisions"}],"predecessor-version":[{"id":6125,"href":"https:\/\/www.qualitycert.ro\/en\/wp-json\/wp\/v2\/pages\/4873\/revisions\/6125"}],"wp:featuredmedia":[{"embeddable":true,"href":"https:\/\/www.qualitycert.ro\/en\/wp-json\/wp\/v2\/media\/5868"}],"wp:attachment":[{"href":"https:\/\/www.qualitycert.ro\/en\/wp-json\/wp\/v2\/media?parent=4873"}],"curies":[{"name":"wp","href":"https:\/\/api.w.org\/{rel}","templated":true}]}}