{"id":4733,"date":"2018-08-09T06:57:06","date_gmt":"2018-08-09T06:57:06","guid":{"rendered":"http:\/\/www.qualitycert.ro\/?page_id=4733"},"modified":"2025-06-10T08:29:32","modified_gmt":"2025-06-10T08:29:32","slug":"acreditari-si-notificari","status":"publish","type":"page","link":"https:\/\/www.qualitycert.ro\/en\/acreditari-si-notificari\/","title":{"rendered":"Accreditations and notifications"},"content":{"rendered":"<h3><img loading=\"lazy\" decoding=\"async\" class=\"aligncenter size-full wp-image-4817\" src=\"http:\/\/www.qualitycert.ro\/wp-content\/uploads\/2018\/08\/accredited.png\" alt=\"\" width=\"1030\" height=\"342\" srcset=\"https:\/\/www.qualitycert.ro\/wp-content\/uploads\/2018\/08\/accredited.png 1030w, https:\/\/www.qualitycert.ro\/wp-content\/uploads\/2018\/08\/accredited-300x100.png 300w, https:\/\/www.qualitycert.ro\/wp-content\/uploads\/2018\/08\/accredited-768x255.png 768w, https:\/\/www.qualitycert.ro\/wp-content\/uploads\/2018\/08\/accredited-1024x340.png 1024w\" sizes=\"(max-width: 1030px) 100vw, 1030px\" \/>Notification to the European Commission<\/h3>\n<p>Our certification body Quality-CERT S.A. is notified at European level and registered with no. identification number NB 1870 in the Official Journal of the European Union:<\/p>\n<table class=\"tbl\" border=\"0\" cellpadding=\"0\">\n<tbody>\n<tr>\n<td width=\"10%\"><a href=\"http:\/\/www.qualitycert.ro\/wp-content\/uploads\/2018\/08\/index_NANDO.pdf\"><img loading=\"lazy\" decoding=\"async\" class=\"alignnone\" src=\"http:\/\/www.qualitycert.ro\/wp-content\/uploads\/2018\/07\/pdf-download-1.jpg\" alt=\"\" width=\"50\" height=\"51\" \/><\/a><\/td>\n<td width=\"88%\"><a href=\"http:\/\/www.qualitycert.ro\/wp-content\/uploads\/2020\/07\/notificare-NANDO-2019.pdf\" target=\"_blank\" rel=\"noopener noreferrer\">European Notification NB 1870<\/a><\/td>\n<\/tr>\n<\/tbody>\n<\/table>\n<h3><\/h3>\n<h3>Acreditare <a href=\"https:\/\/www.renar.ro\/\">RENAR<\/a>(semnatar a acordului EA &#8211; MLA)<\/h3>\n<p>Asocia\u0163ia de Acreditare din Rom\u00e2nia &#8211; RENAR, este o organiza\u0163ie neguvernamental\u0103, constituit\u0103 pe baza prevederilor Legii 21\/1924, cu modific\u0103rile ulterioare, personalitatea juridic\u0103 fiindu-i recunoscut\u0103 prin Sentin\u0163a Civil\u0103 nr. 1966 din 07.08.1990 (dosar 1975\/PJ\/1990) a Judec\u0103toriei Sectorului 1 Bucure\u015fti.<br \/>\nAsocia\u0163ia este recunoscut\u0103 oficial ca organism na\u0163ional de acreditare unic, in temeiul OG 23\/ 2009 \u015fi in baza prevederilor Regulamentului (CE) nr.765\/2008 \u015fi func\u0163ioneaz\u0103 \u00een coordonarea Ministerului Economiei.<\/p>\n<p>Supravegherea legalit\u0103\u0163ii activita\u0163ilor RENAR se face \u00een conformitate cu reglement\u0103rile aplicabile in vigoare.<\/p>\n<h3 style=\"text-align: left;\"><\/h3>\n<table class=\"tbl\" border=\"0\" cellpadding=\"0\">\n<tbody>\n<tr>\n<td width=\"10%\"><a href=\"http:\/\/www.qualitycert.ro\/wp-content\/uploads\/2018\/07\/ON-071-certificat-acreditare-27.06.2017.pdf\"><img loading=\"lazy\" decoding=\"async\" class=\"\" src=\"http:\/\/www.qualitycert.ro\/wp-content\/uploads\/2018\/07\/pdf-download-1.jpg\" alt=\"\" width=\"50\" height=\"51\" \/><\/a><\/td>\n<td width=\"88%\"><a href=\"https:\/\/www.qualitycert.ro\/wp-content\/uploads\/2025\/06\/certificat-ON-071-10.06.2025.pdf\" target=\"_blank\" rel=\"noopener noreferrer\">Accreditation certificate no. ON 071<\/a> &#8211; Organism de certificare ce indeplineste cerintele <strong style=\"font-size: revert; font-family: inherit; color: initial;\">SR EN ISO\/CEI 17065:2013<\/strong><span style=\"font-size: revert; font-family: inherit; font-weight: inherit; color: initial;\"> and is accredited to perform specific third-party tasks of evaluating and verifying the constant performance of construction products provided by <\/span><strong style=\"font-size: revert; font-family: inherit; color: initial;\">Regulamentul (UE) Nr. 305\/2011<\/strong><span style=\"font-size: revert; font-family: inherit; font-weight: inherit; color: initial;\">.<\/span><\/td>\n<\/tr>\n<tr>\n<td width=\"10%\"><a href=\"http:\/\/www.qualitycert.ro\/wp-content\/uploads\/2020\/07\/102-certificat-acreditare-ON-laborator-sist-3.pdf\"><img loading=\"lazy\" decoding=\"async\" class=\"\" src=\"http:\/\/www.qualitycert.ro\/wp-content\/uploads\/2018\/07\/pdf-download-1.jpg\" alt=\"\" width=\"50\" height=\"51\" \/><\/a><\/td>\n<td width=\"88%\"><a href=\"https:\/\/www.qualitycert.ro\/wp-content\/uploads\/2024\/06\/CERTIFICAT-ON-102.pdf\" target=\"_blank\" rel=\"noopener noreferrer\">Accreditation certificate no. ON 102<\/a> &#8211; Laboratorul de Incercari al QUALITY CERT ca Organism de certificare ce indeplineste cerintele <strong style=\"font-size: revert; font-family: inherit; color: initial;\">SR EN ISO\/CEI 17025:2018. <\/strong>E<span style=\"font-size: revert; font-family: inherit; font-weight: inherit; color: initial;\">ste acreditat pentru realizarea sarcinilor specifice de terta parte de evaluare si verificare a constantei performantei produselor pentru constructii prevazute de <\/span><strong style=\"font-size: revert; font-family: inherit; color: initial;\">Regulamentul (UE) Nr. 305\/2011<\/strong><span style=\"font-size: revert; font-family: inherit; font-weight: inherit; color: initial;\">.<\/span><\/td>\n<\/tr>\n<tr>\n<td width=\"10%\"><a href=\"http:\/\/www.qualitycert.ro\/wp-content\/uploads\/2018\/07\/certificat-calitate-mediu-SM060-2017.pdf\"><img loading=\"lazy\" decoding=\"async\" class=\"\" src=\"http:\/\/www.qualitycert.ro\/wp-content\/uploads\/2018\/07\/pdf-download-1.jpg\" alt=\"\" width=\"50\" height=\"51\" \/><\/a><\/td>\n<td width=\"88%\"><a href=\"https:\/\/www.qualitycert.ro\/wp-content\/uploads\/2025\/03\/certificat-038-SM-25.01.2025.pdf\" target=\"_blank\" rel=\"noopener noreferrer\">Accreditation certificate no. SM 060<\/a> &#8211; Organism de certificare conform cerintelor <strong style=\"font-size: revert; font-family: inherit; color: initial;\">SR EN ISO\/CEI 17021-1:2015<\/strong><span style=\"font-size: revert; font-family: inherit; font-weight: inherit; color: initial;\"> and is accredited for the certification of QUALITY MANAGEMENT SYSTEMS (<\/span><strong style=\"font-size: revert; font-family: inherit; color: initial;\">ISO 9001<\/strong><span style=\"font-size: revert; font-family: inherit; font-weight: inherit; color: initial;\">) AND THE ENVIRONMENT\u00a0<\/span><strong style=\"font-size: revert; font-family: inherit; color: initial;\">(ISO 14001<\/strong><span style=\"font-size: revert; font-family: inherit; font-weight: inherit; color: initial;\">).<\/span><\/td>\n<\/tr>\n<tr>\n<td width=\"10%\"><a href=\"http:\/\/www.qualitycert.ro\/wp-content\/uploads\/2021\/09\/PR-027-03.09.2021-certificat-voluntar.pdf\"><img loading=\"lazy\" decoding=\"async\" class=\"alignnone\" src=\"http:\/\/www.qualitycert.ro\/wp-content\/uploads\/2018\/07\/pdf-download-1.jpg\" alt=\"\" width=\"50\" height=\"51\" \/><\/a><\/td>\n<td width=\"88%\"><a href=\"http:\/\/www.qualitycert.ro\/wp-content\/uploads\/2024\/01\/PR-027-11.12.2023.pdf\" target=\"_blank\" rel=\"noopener noreferrer\">Accreditation certificate no. PR 027<\/a> &#8211; Organism de certificare ce indeplineste cerintele <strong style=\"font-size: revert; font-family: inherit; color: initial;\">SR EN ISO\/CEI 17065:2013<\/strong><span style=\"font-size: revert; font-family: inherit; font-weight: inherit; color: initial;\">\u00a0and is accredited for product certification.<\/span><\/td>\n<\/tr>\n<tr>\n<td width=\"10%\"><a href=\"http:\/\/www.qualitycert.ro\/wp-content\/uploads\/2023\/05\/LI-535-certificat-si-anexe-07.03.2023.pdf\"><img loading=\"lazy\" decoding=\"async\" class=\"alignnone\" src=\"http:\/\/www.qualitycert.ro\/wp-content\/uploads\/2018\/07\/pdf-download-1.jpg\" alt=\"\" width=\"50\" height=\"51\" \/><\/a><\/td>\n<td width=\"88%\"><a href=\"https:\/\/www.qualitycert.ro\/wp-content\/uploads\/2025\/03\/LI535-certificat-28.02.2025.pdf\">Accreditation certificate no. LI 535<\/a>Quality-Cert S.A. Testing Laboratories:<\/p>\n<ol>\n<li><a href=\"http:\/\/www.qualitycert.ro\/wp-content\/uploads\/2024\/01\/LI-535-Anexa-1-certificat-29.10.23.pdf\"><strong>Testing laboratory for building materials<\/strong><\/a>&#8211; Pipera;<\/li>\n<li><a href=\"https:\/\/www.qualitycert.ro\/wp-content\/uploads\/2025\/03\/LI535-Anexa-2-28.02.2025.pdf\"><strong>National Laboratory for Wood Industry and Furniture<\/strong><\/a>&#8211; Titan;<\/li>\n<\/ol>\n<p>meet the requirements <strong>SR EN ISO\/CEI 17025:2018<\/strong>\u00a0and are accredited for testing.<\/td>\n<\/tr>\n<\/tbody>\n<\/table>","protected":false},"excerpt":{"rendered":"<p>Notificare Comisia Europeana Organismul nostru de certificare Quality- CERT S.A. este notificat la nivel european si inscris cu nr. de identificare NB 1870 in Jurnalul Oficial al Uniunii Europene: Notificare europeana NB 1870 Acreditare RENAR(semnatar a acordului EA &#8211; MLA) Asocia\u0163ia de Acreditare din Rom\u00e2nia &#8211; RENAR, este o organiza\u0163ie neguvernamental\u0103, constituit\u0103 pe baza prevederilor &hellip;<\/p>","protected":false},"author":1,"featured_media":0,"parent":0,"menu_order":0,"comment_status":"closed","ping_status":"closed","template":"","meta":{"footnotes":""},"yoast_head":"<!-- This site is optimized with the Yoast SEO plugin v22.5 - https:\/\/yoast.com\/wordpress\/plugins\/seo\/ -->\n<title>Acredit\u0103ri \u0219i notific\u0103ri - Quality Cert<\/title>\n<meta name=\"robots\" content=\"index, follow, max-snippet:-1, max-image-preview:large, max-video-preview:-1\" \/>\n<link rel=\"canonical\" href=\"https:\/\/www.qualitycert.ro\/en\/acreditari-si-notificari\/\" \/>\n<meta property=\"og:locale\" content=\"en_US\" \/>\n<meta property=\"og:type\" content=\"article\" \/>\n<meta property=\"og:title\" content=\"Acredit\u0103ri \u0219i notific\u0103ri - Quality Cert\" \/>\n<meta property=\"og:description\" content=\"Notificare Comisia Europeana Organismul nostru de certificare Quality- CERT S.A. este notificat la nivel european si inscris cu nr. de identificare NB 1870 in Jurnalul Oficial al Uniunii Europene: Notificare europeana NB 1870 Acreditare RENAR(semnatar a acordului EA &#8211; MLA) Asocia\u0163ia de Acreditare din Rom\u00e2nia &#8211; RENAR, este o organiza\u0163ie neguvernamental\u0103, constituit\u0103 pe baza prevederilor &hellip;\" \/>\n<meta property=\"og:url\" content=\"https:\/\/www.qualitycert.ro\/en\/acreditari-si-notificari\/\" \/>\n<meta property=\"og:site_name\" content=\"Quality Cert\" \/>\n<meta property=\"article:modified_time\" content=\"2025-06-10T08:29:32+00:00\" \/>\n<meta property=\"og:image\" content=\"http:\/\/www.qualitycert.ro\/wp-content\/uploads\/2018\/08\/accredited.png\" \/>\n<meta name=\"twitter:card\" content=\"summary_large_image\" \/>\n<meta name=\"twitter:label1\" content=\"Est. reading time\" \/>\n\t<meta name=\"twitter:data1\" content=\"3 minutes\" \/>\n<script type=\"application\/ld+json\" class=\"yoast-schema-graph\">{\"@context\":\"https:\/\/schema.org\",\"@graph\":[{\"@type\":\"WebPage\",\"@id\":\"https:\/\/www.qualitycert.ro\/acreditari-si-notificari\/\",\"url\":\"https:\/\/www.qualitycert.ro\/acreditari-si-notificari\/\",\"name\":\"Acredit\u0103ri \u0219i notific\u0103ri - Quality Cert\",\"isPartOf\":{\"@id\":\"https:\/\/www.qualitycert.ro\/#website\"},\"primaryImageOfPage\":{\"@id\":\"https:\/\/www.qualitycert.ro\/acreditari-si-notificari\/#primaryimage\"},\"image\":{\"@id\":\"https:\/\/www.qualitycert.ro\/acreditari-si-notificari\/#primaryimage\"},\"thumbnailUrl\":\"http:\/\/www.qualitycert.ro\/wp-content\/uploads\/2018\/08\/accredited.png\",\"datePublished\":\"2018-08-09T06:57:06+00:00\",\"dateModified\":\"2025-06-10T08:29:32+00:00\",\"breadcrumb\":{\"@id\":\"https:\/\/www.qualitycert.ro\/acreditari-si-notificari\/#breadcrumb\"},\"inLanguage\":\"en-US\",\"potentialAction\":[{\"@type\":\"ReadAction\",\"target\":[\"https:\/\/www.qualitycert.ro\/acreditari-si-notificari\/\"]}]},{\"@type\":\"ImageObject\",\"inLanguage\":\"en-US\",\"@id\":\"https:\/\/www.qualitycert.ro\/acreditari-si-notificari\/#primaryimage\",\"url\":\"http:\/\/www.qualitycert.ro\/wp-content\/uploads\/2018\/08\/accredited.png\",\"contentUrl\":\"http:\/\/www.qualitycert.ro\/wp-content\/uploads\/2018\/08\/accredited.png\"},{\"@type\":\"BreadcrumbList\",\"@id\":\"https:\/\/www.qualitycert.ro\/acreditari-si-notificari\/#breadcrumb\",\"itemListElement\":[{\"@type\":\"ListItem\",\"position\":1,\"name\":\"Home\",\"item\":\"https:\/\/www.qualitycert.ro\/\"},{\"@type\":\"ListItem\",\"position\":2,\"name\":\"Acredit\u0103ri \u0219i notific\u0103ri\"}]},{\"@type\":\"WebSite\",\"@id\":\"https:\/\/www.qualitycert.ro\/#website\",\"url\":\"https:\/\/www.qualitycert.ro\/\",\"name\":\"Quality Cert\",\"description\":\"Organism de Certificare\",\"potentialAction\":[{\"@type\":\"SearchAction\",\"target\":{\"@type\":\"EntryPoint\",\"urlTemplate\":\"https:\/\/www.qualitycert.ro\/?s={search_term_string}\"},\"query-input\":\"required name=search_term_string\"}],\"inLanguage\":\"en-US\"}]}<\/script>\n<!-- \/ Yoast SEO plugin. -->","yoast_head_json":{"title":"Acredit\u0103ri \u0219i notific\u0103ri - Quality Cert","robots":{"index":"index","follow":"follow","max-snippet":"max-snippet:-1","max-image-preview":"max-image-preview:large","max-video-preview":"max-video-preview:-1"},"canonical":"https:\/\/www.qualitycert.ro\/en\/acreditari-si-notificari\/","og_locale":"en_US","og_type":"article","og_title":"Acredit\u0103ri \u0219i notific\u0103ri - Quality Cert","og_description":"Notificare Comisia Europeana Organismul nostru de certificare Quality- CERT S.A. este notificat la nivel european si inscris cu nr. de identificare NB 1870 in Jurnalul Oficial al Uniunii Europene: Notificare europeana NB 1870 Acreditare RENAR(semnatar a acordului EA &#8211; MLA) Asocia\u0163ia de Acreditare din Rom\u00e2nia &#8211; RENAR, este o organiza\u0163ie neguvernamental\u0103, constituit\u0103 pe baza prevederilor &hellip;","og_url":"https:\/\/www.qualitycert.ro\/en\/acreditari-si-notificari\/","og_site_name":"Quality Cert","article_modified_time":"2025-06-10T08:29:32+00:00","og_image":[{"url":"http:\/\/www.qualitycert.ro\/wp-content\/uploads\/2018\/08\/accredited.png"}],"twitter_card":"summary_large_image","twitter_misc":{"Est. reading time":"3 minutes"},"schema":{"@context":"https:\/\/schema.org","@graph":[{"@type":"WebPage","@id":"https:\/\/www.qualitycert.ro\/acreditari-si-notificari\/","url":"https:\/\/www.qualitycert.ro\/acreditari-si-notificari\/","name":"Acredit\u0103ri \u0219i notific\u0103ri - Quality Cert","isPartOf":{"@id":"https:\/\/www.qualitycert.ro\/#website"},"primaryImageOfPage":{"@id":"https:\/\/www.qualitycert.ro\/acreditari-si-notificari\/#primaryimage"},"image":{"@id":"https:\/\/www.qualitycert.ro\/acreditari-si-notificari\/#primaryimage"},"thumbnailUrl":"http:\/\/www.qualitycert.ro\/wp-content\/uploads\/2018\/08\/accredited.png","datePublished":"2018-08-09T06:57:06+00:00","dateModified":"2025-06-10T08:29:32+00:00","breadcrumb":{"@id":"https:\/\/www.qualitycert.ro\/acreditari-si-notificari\/#breadcrumb"},"inLanguage":"en-US","potentialAction":[{"@type":"ReadAction","target":["https:\/\/www.qualitycert.ro\/acreditari-si-notificari\/"]}]},{"@type":"ImageObject","inLanguage":"en-US","@id":"https:\/\/www.qualitycert.ro\/acreditari-si-notificari\/#primaryimage","url":"http:\/\/www.qualitycert.ro\/wp-content\/uploads\/2018\/08\/accredited.png","contentUrl":"http:\/\/www.qualitycert.ro\/wp-content\/uploads\/2018\/08\/accredited.png"},{"@type":"BreadcrumbList","@id":"https:\/\/www.qualitycert.ro\/acreditari-si-notificari\/#breadcrumb","itemListElement":[{"@type":"ListItem","position":1,"name":"Home","item":"https:\/\/www.qualitycert.ro\/"},{"@type":"ListItem","position":2,"name":"Acredit\u0103ri \u0219i notific\u0103ri"}]},{"@type":"WebSite","@id":"https:\/\/www.qualitycert.ro\/#website","url":"https:\/\/www.qualitycert.ro\/","name":"Quality Cert","description":"Organism de Certificare","potentialAction":[{"@type":"SearchAction","target":{"@type":"EntryPoint","urlTemplate":"https:\/\/www.qualitycert.ro\/?s={search_term_string}"},"query-input":"required name=search_term_string"}],"inLanguage":"en-US"}]}},"_links":{"self":[{"href":"https:\/\/www.qualitycert.ro\/en\/wp-json\/wp\/v2\/pages\/4733"}],"collection":[{"href":"https:\/\/www.qualitycert.ro\/en\/wp-json\/wp\/v2\/pages"}],"about":[{"href":"https:\/\/www.qualitycert.ro\/en\/wp-json\/wp\/v2\/types\/page"}],"author":[{"embeddable":true,"href":"https:\/\/www.qualitycert.ro\/en\/wp-json\/wp\/v2\/users\/1"}],"replies":[{"embeddable":true,"href":"https:\/\/www.qualitycert.ro\/en\/wp-json\/wp\/v2\/comments?post=4733"}],"version-history":[{"count":61,"href":"https:\/\/www.qualitycert.ro\/en\/wp-json\/wp\/v2\/pages\/4733\/revisions"}],"predecessor-version":[{"id":6178,"href":"https:\/\/www.qualitycert.ro\/en\/wp-json\/wp\/v2\/pages\/4733\/revisions\/6178"}],"wp:attachment":[{"href":"https:\/\/www.qualitycert.ro\/en\/wp-json\/wp\/v2\/media?parent=4733"}],"curies":[{"name":"wp","href":"https:\/\/api.w.org\/{rel}","templated":true}]}}