{"id":4661,"date":"2018-07-27T09:50:03","date_gmt":"2018-07-27T09:50:03","guid":{"rendered":"http:\/\/www.qualitycert.ro\/?page_id=4661"},"modified":"2025-11-24T16:38:53","modified_gmt":"2025-11-24T16:38:53","slug":"laborator-material-constructii","status":"publish","type":"page","link":"https:\/\/www.qualitycert.ro\/en\/laborator-material-constructii\/","title":{"rendered":"Testing Laboratory for construction materials"},"content":{"rendered":"<h1>Testing laboratory for building materials<\/h1>\n<p><img loading=\"lazy\" decoding=\"async\" class=\"aligncenter wp-image-4662 size-full\" src=\"http:\/\/www.qualitycert.ro\/wp-content\/uploads\/2018\/07\/laborator-material-constructii-e1569163543175.jpg\" alt=\"\" width=\"800\" height=\"200\" srcset=\"https:\/\/www.qualitycert.ro\/wp-content\/uploads\/2018\/07\/laborator-material-constructii-e1569163543175.jpg 800w, https:\/\/www.qualitycert.ro\/wp-content\/uploads\/2018\/07\/laborator-material-constructii-e1569163543175-300x75.jpg 300w, https:\/\/www.qualitycert.ro\/wp-content\/uploads\/2018\/07\/laborator-material-constructii-e1569163543175-768x192.jpg 768w\" sizes=\"(max-width: 800px) 100vw, 800px\" \/><\/p>\n<p>The Testing Laboratory for construction materials has established, implements and maintains a system in accordance with EN ISO\/IEC 17025, corresponding to its field of activity. It was founded in 2007 and is an integral part of the QUALITY CERT certification body.<\/p>\n<p>Accreditation obtained by the laboratory in accordance with EN ISO\/IEC 17025 allows it to demonstrate that it is functioning competently and generates valid results, thus promoting confidence in the work carried out, both nationally and internationally.<\/p>\n<p>Rapoartele de \u00eencerc\u0103ri emise de laboratorul nostru sub acreditarea RENAR, sunt acceptate de la o \u021bar\u0103 la alta, f\u0103r\u0103 a fi nevoie de \u00eencerc\u0103ri suplimentare.<\/p>\n<h3><strong>The advantages of carrying out tests in the QUALITY CERT laboratory refer to:<\/strong><\/h3>\n<ul class=\"checked\">\n<li>compliance with legal requirements;<\/li>\n<li>a good promotion on the market of your products, whose performance level is established in an accredited\/notified laboratory that:\n<ul>\n<li>uses equipment verified and calibrated by accredited entities;<\/li>\n<li>valid testing standards are respected;<\/li>\n<li>has staff with experience in the field, qualified and recognized.<\/li>\n<\/ul>\n<\/li>\n<\/ul>\n<h3><strong>The testing laboratory shall have independence in making decisions concerning:<\/strong><\/h3>\n<ul>\n<li>internal organization and administration;<\/li>\n<li>tests carried out;<\/li>\n<li>continuous training of laboratory personnel;<\/li>\n<li>relations with clients and external accreditation organizations, the regulatory authority and other specialized institutions, are ensured within the limits of the competition granted by the legislation and the QUALITY \u2013 CERT President.<\/li>\n<\/ul>\n<p>Acreditarea conform SR EN ISO\/IEC 17025 a laboratorul aigura respectarea tuturor cerintelor de impartialitate, confidentialitate si a drepturilor de proprietate ale clientilor sai. De asemenea, dispune de protectia si stocarea rezultatelor.<\/p>\n<h3><strong>The construction products that Testing laboratory for building materials QUALITY CERT tests, are the following:<\/strong><\/h3>\n<ol>\n<li>Aggregates<\/li>\n<li>Concrete<\/li>\n<li>Masonery<\/li>\n<li>Autoclaved aerated concrete<\/li>\n<li>Asphalt mixtures<\/li>\n<li>Mortar<\/li>\n<li>Cement<\/li>\n<li>Prefabricated products of concrete;<\/li>\n<\/ol>\n<h3><strong>Produsele supuse determinarii eficacitatii ignifugarii in Laboratorul de incercari materiale de constructii al QUALITY \u2013 CERT, sunt urmatoarele:<\/strong><\/h3>\n<ol>\n<li>Fireproof wood<\/li>\n<li>Covering and filling materials for upholstery<\/li>\n<li>Vertically oriented textile material<\/li>\n<\/ol>\n<h3>Detailed information regarding the RENAR accreditation of the laboratory<\/h3>\n<p><a href=\"https:\/\/www.qualitycert.ro\/wp-content\/uploads\/2025\/11\/LI535-certificat-28.02.2025.pdf\" target=\"_blank\" rel=\"noopener noreferrer\"><img loading=\"lazy\" decoding=\"async\" class=\"alignnone\" src=\"http:\/\/www.qualitycert.ro\/images\/pdf_icon.jpg\" alt=\"\" width=\"60\" height=\"59\" \/><\/a> Accreditation certificate no. LI 535<\/p>\n<p><a href=\"https:\/\/www.qualitycert.ro\/wp-content\/uploads\/2025\/11\/LI535-Anexa-1-28.02.2025.pdf\" target=\"_blank\" rel=\"noopener noreferrer\"><img loading=\"lazy\" decoding=\"async\" class=\"alignnone\" src=\"http:\/\/www.qualitycert.ro\/images\/pdf_icon.jpg\" alt=\"\" width=\"60\" height=\"59\" \/><\/a> Appendix 1 of Accreditation certificate no. LI 535<\/p>\n<p><a href=\"https:\/\/www.qualitycert.ro\/wp-content\/uploads\/2025\/11\/LI_535_RENAR_Accreditation_CertificateANNEX-1.pdf\" target=\"_blank\" rel=\"noopener noreferrer\"><img loading=\"lazy\" decoding=\"async\" class=\"alignnone\" src=\"http:\/\/www.qualitycert.ro\/images\/pdf_icon.jpg\" alt=\"\" width=\"60\" height=\"59\" \/><\/a> Accreditation Certificate no. LI 535 (EN)<\/p>\n<h3>The Testing laboratory for building materials has its headquarters in:<\/h3>\n<p>52 Pipera Avenue, District 2, Bucharest<\/p>","protected":false},"excerpt":{"rendered":"<p>Laborator materiale constructii Laboratorul de materiale de constructii are stabilit, implementeaza si mentine un sistem in conformitate cu SR EN ISO\/IEC 17025, corespunzator domeniului sau de activitate. Acesta a fost infiintat in anul 2007 si este parte integranta a Organismului de certificare QUALITY CERT. Acreditarea obtinuta de catre laborator in conformitate cu SR EN ISO\/IEC &hellip;<\/p>","protected":false},"author":1,"featured_media":4662,"parent":0,"menu_order":0,"comment_status":"closed","ping_status":"closed","template":"","meta":{"footnotes":""},"yoast_head":"<!-- This site is optimized with the Yoast SEO plugin v22.5 - https:\/\/yoast.com\/wordpress\/plugins\/seo\/ -->\n<title>Laborator materiale construc\u021bii - Quality Cert<\/title>\n<meta name=\"robots\" content=\"index, follow, max-snippet:-1, max-image-preview:large, max-video-preview:-1\" \/>\n<link rel=\"canonical\" href=\"https:\/\/www.qualitycert.ro\/en\/laborator-material-constructii\/\" \/>\n<meta property=\"og:locale\" content=\"en_US\" \/>\n<meta property=\"og:type\" content=\"article\" \/>\n<meta property=\"og:title\" content=\"Laborator materiale construc\u021bii - Quality Cert\" \/>\n<meta property=\"og:description\" content=\"Laborator materiale constructii Laboratorul de materiale de constructii are stabilit, implementeaza si mentine un sistem in conformitate cu SR EN ISO\/IEC 17025, corespunzator domeniului sau de activitate. Acesta a fost infiintat in anul 2007 si este parte integranta a Organismului de certificare QUALITY CERT. Acreditarea obtinuta de catre laborator in conformitate cu SR EN ISO\/IEC &hellip;\" \/>\n<meta property=\"og:url\" content=\"https:\/\/www.qualitycert.ro\/en\/laborator-material-constructii\/\" \/>\n<meta property=\"og:site_name\" content=\"Quality Cert\" \/>\n<meta property=\"article:modified_time\" content=\"2025-11-24T16:38:53+00:00\" \/>\n<meta property=\"og:image\" content=\"https:\/\/www.qualitycert.ro\/wp-content\/uploads\/2018\/07\/laborator-material-constructii-e1569163543175.jpg\" \/>\n\t<meta property=\"og:image:width\" content=\"800\" \/>\n\t<meta property=\"og:image:height\" content=\"200\" \/>\n\t<meta property=\"og:image:type\" content=\"image\/jpeg\" \/>\n<meta name=\"twitter:card\" content=\"summary_large_image\" \/>\n<meta name=\"twitter:label1\" content=\"Est. reading time\" \/>\n\t<meta name=\"twitter:data1\" content=\"3 minutes\" \/>\n<script type=\"application\/ld+json\" class=\"yoast-schema-graph\">{\"@context\":\"https:\/\/schema.org\",\"@graph\":[{\"@type\":\"WebPage\",\"@id\":\"https:\/\/www.qualitycert.ro\/laborator-material-constructii\/\",\"url\":\"https:\/\/www.qualitycert.ro\/laborator-material-constructii\/\",\"name\":\"Laborator materiale construc\u021bii - Quality Cert\",\"isPartOf\":{\"@id\":\"https:\/\/www.qualitycert.ro\/#website\"},\"primaryImageOfPage\":{\"@id\":\"https:\/\/www.qualitycert.ro\/laborator-material-constructii\/#primaryimage\"},\"image\":{\"@id\":\"https:\/\/www.qualitycert.ro\/laborator-material-constructii\/#primaryimage\"},\"thumbnailUrl\":\"https:\/\/www.qualitycert.ro\/wp-content\/uploads\/2018\/07\/laborator-material-constructii-e1569163543175.jpg\",\"datePublished\":\"2018-07-27T09:50:03+00:00\",\"dateModified\":\"2025-11-24T16:38:53+00:00\",\"breadcrumb\":{\"@id\":\"https:\/\/www.qualitycert.ro\/laborator-material-constructii\/#breadcrumb\"},\"inLanguage\":\"en-US\",\"potentialAction\":[{\"@type\":\"ReadAction\",\"target\":[\"https:\/\/www.qualitycert.ro\/laborator-material-constructii\/\"]}]},{\"@type\":\"ImageObject\",\"inLanguage\":\"en-US\",\"@id\":\"https:\/\/www.qualitycert.ro\/laborator-material-constructii\/#primaryimage\",\"url\":\"https:\/\/www.qualitycert.ro\/wp-content\/uploads\/2018\/07\/laborator-material-constructii-e1569163543175.jpg\",\"contentUrl\":\"https:\/\/www.qualitycert.ro\/wp-content\/uploads\/2018\/07\/laborator-material-constructii-e1569163543175.jpg\",\"width\":800,\"height\":200},{\"@type\":\"BreadcrumbList\",\"@id\":\"https:\/\/www.qualitycert.ro\/laborator-material-constructii\/#breadcrumb\",\"itemListElement\":[{\"@type\":\"ListItem\",\"position\":1,\"name\":\"Home\",\"item\":\"https:\/\/www.qualitycert.ro\/\"},{\"@type\":\"ListItem\",\"position\":2,\"name\":\"Laborator materiale construc\u021bii\"}]},{\"@type\":\"WebSite\",\"@id\":\"https:\/\/www.qualitycert.ro\/#website\",\"url\":\"https:\/\/www.qualitycert.ro\/\",\"name\":\"Quality Cert\",\"description\":\"Organism de Certificare\",\"potentialAction\":[{\"@type\":\"SearchAction\",\"target\":{\"@type\":\"EntryPoint\",\"urlTemplate\":\"https:\/\/www.qualitycert.ro\/?s={search_term_string}\"},\"query-input\":\"required name=search_term_string\"}],\"inLanguage\":\"en-US\"}]}<\/script>\n<!-- \/ Yoast SEO plugin. -->","yoast_head_json":{"title":"Laborator materiale construc\u021bii - Quality Cert","robots":{"index":"index","follow":"follow","max-snippet":"max-snippet:-1","max-image-preview":"max-image-preview:large","max-video-preview":"max-video-preview:-1"},"canonical":"https:\/\/www.qualitycert.ro\/en\/laborator-material-constructii\/","og_locale":"en_US","og_type":"article","og_title":"Laborator materiale construc\u021bii - Quality Cert","og_description":"Laborator materiale constructii Laboratorul de materiale de constructii are stabilit, implementeaza si mentine un sistem in conformitate cu SR EN ISO\/IEC 17025, corespunzator domeniului sau de activitate. Acesta a fost infiintat in anul 2007 si este parte integranta a Organismului de certificare QUALITY CERT. Acreditarea obtinuta de catre laborator in conformitate cu SR EN ISO\/IEC &hellip;","og_url":"https:\/\/www.qualitycert.ro\/en\/laborator-material-constructii\/","og_site_name":"Quality Cert","article_modified_time":"2025-11-24T16:38:53+00:00","og_image":[{"width":800,"height":200,"url":"https:\/\/www.qualitycert.ro\/wp-content\/uploads\/2018\/07\/laborator-material-constructii-e1569163543175.jpg","type":"image\/jpeg"}],"twitter_card":"summary_large_image","twitter_misc":{"Est. reading time":"3 minutes"},"schema":{"@context":"https:\/\/schema.org","@graph":[{"@type":"WebPage","@id":"https:\/\/www.qualitycert.ro\/laborator-material-constructii\/","url":"https:\/\/www.qualitycert.ro\/laborator-material-constructii\/","name":"Laborator materiale construc\u021bii - Quality Cert","isPartOf":{"@id":"https:\/\/www.qualitycert.ro\/#website"},"primaryImageOfPage":{"@id":"https:\/\/www.qualitycert.ro\/laborator-material-constructii\/#primaryimage"},"image":{"@id":"https:\/\/www.qualitycert.ro\/laborator-material-constructii\/#primaryimage"},"thumbnailUrl":"https:\/\/www.qualitycert.ro\/wp-content\/uploads\/2018\/07\/laborator-material-constructii-e1569163543175.jpg","datePublished":"2018-07-27T09:50:03+00:00","dateModified":"2025-11-24T16:38:53+00:00","breadcrumb":{"@id":"https:\/\/www.qualitycert.ro\/laborator-material-constructii\/#breadcrumb"},"inLanguage":"en-US","potentialAction":[{"@type":"ReadAction","target":["https:\/\/www.qualitycert.ro\/laborator-material-constructii\/"]}]},{"@type":"ImageObject","inLanguage":"en-US","@id":"https:\/\/www.qualitycert.ro\/laborator-material-constructii\/#primaryimage","url":"https:\/\/www.qualitycert.ro\/wp-content\/uploads\/2018\/07\/laborator-material-constructii-e1569163543175.jpg","contentUrl":"https:\/\/www.qualitycert.ro\/wp-content\/uploads\/2018\/07\/laborator-material-constructii-e1569163543175.jpg","width":800,"height":200},{"@type":"BreadcrumbList","@id":"https:\/\/www.qualitycert.ro\/laborator-material-constructii\/#breadcrumb","itemListElement":[{"@type":"ListItem","position":1,"name":"Home","item":"https:\/\/www.qualitycert.ro\/"},{"@type":"ListItem","position":2,"name":"Laborator materiale construc\u021bii"}]},{"@type":"WebSite","@id":"https:\/\/www.qualitycert.ro\/#website","url":"https:\/\/www.qualitycert.ro\/","name":"Quality Cert","description":"Organism de Certificare","potentialAction":[{"@type":"SearchAction","target":{"@type":"EntryPoint","urlTemplate":"https:\/\/www.qualitycert.ro\/?s={search_term_string}"},"query-input":"required name=search_term_string"}],"inLanguage":"en-US"}]}},"_links":{"self":[{"href":"https:\/\/www.qualitycert.ro\/en\/wp-json\/wp\/v2\/pages\/4661"}],"collection":[{"href":"https:\/\/www.qualitycert.ro\/en\/wp-json\/wp\/v2\/pages"}],"about":[{"href":"https:\/\/www.qualitycert.ro\/en\/wp-json\/wp\/v2\/types\/page"}],"author":[{"embeddable":true,"href":"https:\/\/www.qualitycert.ro\/en\/wp-json\/wp\/v2\/users\/1"}],"replies":[{"embeddable":true,"href":"https:\/\/www.qualitycert.ro\/en\/wp-json\/wp\/v2\/comments?post=4661"}],"version-history":[{"count":27,"href":"https:\/\/www.qualitycert.ro\/en\/wp-json\/wp\/v2\/pages\/4661\/revisions"}],"predecessor-version":[{"id":6192,"href":"https:\/\/www.qualitycert.ro\/en\/wp-json\/wp\/v2\/pages\/4661\/revisions\/6192"}],"wp:featuredmedia":[{"embeddable":true,"href":"https:\/\/www.qualitycert.ro\/en\/wp-json\/wp\/v2\/media\/4662"}],"wp:attachment":[{"href":"https:\/\/www.qualitycert.ro\/en\/wp-json\/wp\/v2\/media?parent=4661"}],"curies":[{"name":"wp","href":"https:\/\/api.w.org\/{rel}","templated":true}]}}