{"id":4093,"date":"2018-06-24T12:27:48","date_gmt":"2018-06-24T12:27:48","guid":{"rendered":"http:\/\/www.qualitycert.ro\/?page_id=4093"},"modified":"2024-09-04T09:36:17","modified_gmt":"2024-09-04T09:36:17","slug":"certificari-iso-sisteme-de-management-si-certificarea-produselor","status":"publish","type":"page","link":"https:\/\/www.qualitycert.ro\/en\/certificari-iso-sisteme-de-management-si-certificarea-produselor\/","title":{"rendered":"ISO certifications"},"content":{"rendered":"<div class=\"vc_row wpb_row vc_row-fluid\"><div class=\"wpb_column vc_column_container vc_col-sm-12\"><div class=\"vc_column-inner\"><div class=\"wpb_wrapper\">\n\t<div class=\"wpb_text_column wpb_content_element\">\n\t\t<div class=\"wpb_wrapper\">\n\t\t\t<h5 style=\"text-align: center;\"><strong><span style=\"color: #ff0000;\">ISO CERTIFICATIONS<\/span><\/strong><\/h5>\n\n\t\t<\/div>\n\t<\/div>\n<\/div><\/div><\/div><\/div><div class=\"vc_row wpb_row vc_row-fluid\"><div class=\"wpb_column vc_column_container vc_col-sm-12\"><div class=\"vc_column-inner\"><div class=\"wpb_wrapper\">\n\t<div class=\"wpb_text_column wpb_content_element\">\n\t\t<div class=\"wpb_wrapper\">\n\t\t\t<p><strong>ISO certification<\/strong> means attesting the compliance of management systems with reference standards, standards that require the organization to meet the legal and regulatory requirements applicable within the management system.<\/p>\n<p>We issue<strong> ISO certification<\/strong> recognized at European and international level, with professional support throughout the duration of the contract. Our certificates will give value and credibility both in Romania and in the European Union.<\/p>\n\n\t\t<\/div>\n\t<\/div>\n<\/div><\/div><\/div><\/div><div class=\"vc_row wpb_row vc_row-fluid\"><div class=\"wpb_column vc_column_container vc_col-sm-12\"><div class=\"vc_column-inner\"><div class=\"wpb_wrapper\">\n\t<div class=\"wpb_text_column wpb_content_element\">\n\t\t<div class=\"wpb_wrapper\">\n\t\t\t<h5 style=\"text-align: center;\"><strong><span style=\"color: #ff0000;\">CERTIFICATION Domains<\/span><\/strong><\/h5>\n\n\t\t<\/div>\n\t<\/div>\n<\/div><\/div><\/div><\/div><div class=\"vc_row wpb_row vc_row-fluid vc_column-gap-20 vc_row-o-equal-height vc_row-flex\"><div class=\"no-overflow wpb_column vc_column_container vc_col-sm-4 vc_col-has-fill\"><div class=\"vc_column-inner vc_custom_1531935918475\"><div class=\"wpb_wrapper\">\n\t<div class=\"wpb_text_column wpb_content_element  vc_custom_1531927482543\">\n\t\t<div class=\"wpb_wrapper\">\n\t\t\t<h5 style=\"background-color: #ff0000; color: #ffffff; text-align: center; padding: 15px;\">ISO MANAGEMENT SYSTEMS CERTIFICATION<\/h5>\n\n\t\t<\/div>\n\t<\/div>\n\n\t<div class=\"wpb_single_image wpb_content_element vc_align_left  vc_custom_1531927358787\">\n\t\t\n\t\t<figure class=\"wpb_wrapper vc_figure\">\n\t\t\t<div class=\"vc_single_image-wrapper   vc_box_border_grey\"><img loading=\"lazy\" decoding=\"async\" width=\"450\" height=\"171\" src=\"https:\/\/www.qualitycert.ro\/wp-content\/uploads\/2018\/07\/iso-certificare.jpg\" class=\"vc_single_image-img attachment-full\" alt=\"\" srcset=\"https:\/\/www.qualitycert.ro\/wp-content\/uploads\/2018\/07\/iso-certificare.jpg 450w, https:\/\/www.qualitycert.ro\/wp-content\/uploads\/2018\/07\/iso-certificare-300x114.jpg 300w\" sizes=\"(max-width: 450px) 100vw, 450px\" \/><\/div>\n\t\t<\/figure>\n\t<\/div>\n\n\t<div class=\"wpb_text_column wpb_content_element  vc_custom_1535028271846\">\n\t\t<div class=\"wpb_wrapper\">\n\t\t\t<ul>\n<li><a href=\"http:\/\/www.qualitycert.ro\/en\/certificare-sr-en-iso-9001\/\" target=\"_blank\" rel=\"noopener noreferrer\">EN ISO 9001 certification<\/a>- Quality Management Systems;<\/li>\n<li><a href=\"http:\/\/www.qualitycert.ro\/en\/certificare-sr-en-iso-14001\/\" target=\"_blank\" rel=\"noopener noreferrer\">EN ISO 14001 certification<\/a>- Environmental Management Systems;<\/li>\n<li><a href=\"http:\/\/www.qualitycert.ro\/en\/certificare-ohsas-18001-iso-45001\/\" target=\"_blank\" rel=\"noopener noreferrer\">Certificare SR EN ISO 45001<\/a>- Occupational health and safety systems;<\/li>\n<li><a href=\"http:\/\/www.qualitycert.ro\/en\/certificare-iso-cei-27001\/\" target=\"_blank\" rel=\"noopener noreferrer\">EN ISO\/CEI 27001 certification<\/a>- Information Security Management System (ISMS)<\/li>\n<li><a style=\"font-size: revert; font-weight: revert;\" href=\"https:\/\/magazin.asro.ro\/ro\/standard\/250876\" target=\"_blank\" rel=\"noopener noreferrer\">Certificare SR ISO 37001:2017<\/a><span style=\"color: revert; font-size: revert; font-weight: revert;\"> &#8211; <\/span>Sisteme de management anti-mit\u0103. Cerin\u0163e cu ghid de utilizare<\/li>\n<li><a style=\"font-size: revert;\" href=\"https:\/\/magazin.asro.ro\/ro\/standard\/268393\" target=\"_blank\" rel=\"noopener noreferrer\">Certificare SR EN 14064-1:2018<\/a><span style=\"font-size: revert; color: initial;\"> &#8211; <\/span>Produse termoizolante destinate utiliz\u0103rii la cl\u0103diri. Izola\u021bie termic\u0103 format\u0103 in situ pe baz\u0103 de vat\u0103 mineral\u0103 (MW). Partea 1: Spefica\u021bie pentru produsele \u00een vrac \u00eenainte de instalare<\/li>\n<li><a style=\"font-size: revert;\" href=\"https:\/\/magazin.asro.ro\/ro\/standard\/266521\" target=\"_blank\" rel=\"noopener noreferrer\">Certificare SR ISO 39001:2018<\/a><span style=\"font-size: revert; color: initial;\"> &#8211; <\/span>Sisteme de management ale siguran\u0163ei traficului rutier (RTS). Cerin\u0163e \u015fi recomand\u0103ri de bune practici<\/li>\n<li><a style=\"font-size: revert;\" href=\"https:\/\/magazin.asro.ro\/ro\/standard\/237772\" target=\"_blank\" rel=\"noopener noreferrer\">Certificare SR EN ISO 17100:2015<\/a><span style=\"font-size: revert; color: initial;\"> &#8211; <\/span>Servicii de traducere. Cerin\u0163e pentru serviciile de traducere<\/li>\n<li><a style=\"font-size: revert;\" href=\"https:\/\/magazin.asro.ro\/ro\/standard\/275762\" target=\"_blank\" rel=\"noopener noreferrer\">Certificare SR EN ISO 56002:2021<\/a><span style=\"font-size: revert; color: initial;\"> &#8211; <\/span>Managementul inov\u0103rii. Sistem de management al inov\u0103rii. \u00cendrum\u0103ri<\/li>\n<li><a style=\"font-size: revert; font-weight: revert;\" href=\"https:\/\/magazin.asro.ro\/ro\/standard\/245982\" target=\"_blank\" rel=\"noopener noreferrer\">Certificare SR 13572:2016<\/a><span style=\"color: revert; font-size: revert; font-weight: revert;\"> &#8211; <\/span>Sisteme de management al inov\u0103rii (SMIn). Cerin\u0163e<\/li>\n<li><a style=\"font-size: revert; font-weight: revert;\" href=\"https:\/\/magazin.asro.ro\/ro\/standard\/245982\" target=\"_blank\" rel=\"noopener noreferrer\">Certificare <\/a><a style=\"font-size: revert; font-weight: revert;\" href=\"https:\/\/magazin.asro.ro\/ro\/standard\/271187\" target=\"_blank\" rel=\"noopener noreferrer\">SR ISO 21001:2019<\/a><span style=\"color: revert; font-size: revert; font-weight: revert;\"> &#8211; <\/span>Organiza\u0163ii educa\u0163ionale. Sisteme de management pentru organiza\u0163ii educa\u0163ionale. Cerin\u0163e \u015fi ghid de utilizare<\/li>\n<li><a style=\"font-size: revert; font-weight: revert;\" href=\"https:\/\/magazin.asro.ro\/ro\/standard\/245982\" target=\"_blank\" rel=\"noopener noreferrer\">Certificare <\/a><a style=\"font-size: revert;\" href=\"https:\/\/magazin.asro.ro\/ro\/standard\/269207\" target=\"_blank\" rel=\"noopener noreferrer\">SR EN ISO 50001:2019<\/a><span style=\"font-size: revert; color: initial;\"> &#8211; Sisteme de management al energiei. Cerin\u0163e \u015fi ghid de utilizare<\/span><\/li>\n<li><a style=\"font-size: revert; font-weight: revert;\" href=\"https:\/\/magazin.asro.ro\/ro\/standard\/245982\" target=\"_blank\" rel=\"noopener noreferrer\">Certificare <\/a><a style=\"font-size: revert;\" href=\"https:\/\/magazin.asro.ro\/ro\/standard\/273843\" target=\"_blank\" rel=\"noopener noreferrer\">SR ISO\/IEC 20000-10:2020<\/a><span style=\"font-size: revert; color: initial;\"> &#8211; Tehnologia informa\u021biei. Managementul serviciilor. Partea 10: Concepte \u0219i vocabular<\/span><\/li>\n<li><a style=\"font-size: revert; font-weight: revert;\" href=\"https:\/\/magazin.asro.ro\/ro\/standard\/245982\" target=\"_blank\" rel=\"noopener noreferrer\">Certificare <\/a><a style=\"font-size: revert;\" href=\"https:\/\/magazin.asro.ro\/ro\/standard\/273605\" target=\"_blank\" rel=\"noopener noreferrer\">SR ISO\/IEC 20000-1:2020<\/a><span style=\"font-size: revert; color: initial;\"> &#8211; Tehnologia informa\u021biei. Managementul serviciilor. Partea 1: Cerin\u021be ale sistemului de management al serviciilor<\/span><\/li>\n<li><a style=\"font-size: revert; font-weight: revert;\" href=\"https:\/\/magazin.asro.ro\/ro\/standard\/245982\" target=\"_blank\" rel=\"noopener noreferrer\">Certificare <\/a><a style=\"font-size: revert;\" href=\"https:\/\/magazin.asro.ro\/ro\/standard\/274956\" target=\"_blank\" rel=\"noopener noreferrer\">SR ISO\/IEC 20000-3:2020<\/a><span style=\"font-size: revert; color: initial;\"> &#8211; Tehnologia informa\u021biei. Managementul serviciilor. Partea 3: \u00cendrum\u0103ri privind definirea domeniului de aplicare \u0219i aplicabilitatea ISO\/IEC 20000-1<\/span><\/li>\n<li><a style=\"font-size: revert; font-weight: revert;\" href=\"https:\/\/magazin.asro.ro\/ro\/standard\/245982\" target=\"_blank\" rel=\"noopener noreferrer\">Certificare <\/a><a style=\"font-size: revert;\" href=\"https:\/\/magazin.asro.ro\/ro\/standard\/274301\" target=\"_blank\" rel=\"noopener noreferrer\">SR ISO\/IEC 20000-6:2020<\/a><span style=\"font-size: revert; color: initial;\"> &#8211; Tehnologia informa\u021biei. Managementul serviciilor. Partea 6: Cerin\u021be pentru organismele care asigur\u0103 auditul \u0219i certificarea sistemelor de management al serviciilor<\/span><\/li>\n<li><a style=\"font-size: revert; font-weight: revert;\" href=\"https:\/\/magazin.asro.ro\/ro\/standard\/245982\" target=\"_blank\" rel=\"noopener noreferrer\">Certificare <\/a><a style=\"font-size: revert;\" href=\"https:\/\/magazin.asro.ro\/ro\/standard\/273610\" target=\"_blank\" rel=\"noopener noreferrer\">SR EN ISO 22301:2020<\/a><span style=\"font-size: revert; color: initial;\"> &#8211; Securitate \u015fi rezilien\u0163\u0103. Sisteme de management al continuit\u0103\u0163ii activit\u0103\u0163ii. Cerin\u0163e<\/span><\/li>\n<li>SA 8000 certification \u2013 Social responsibility<\/li>\n<li>Certificare SR EN ISO 22000 &#8211; Management Siguranta Alimentelor.<\/li>\n<\/ul>\n\n\t\t<\/div>\n\t<\/div>\n\n\t<div class=\"wpb_text_column wpb_content_element  vc_custom_1534861836277 font-13\">\n\t\t<div class=\"wpb_wrapper\">\n\t\t\t<h5 style=\"text-align: center;\"><span style=\"color: #ff0000;\">SYSTEM CERTIFICATION DOMAINS<\/span><\/h5>\n<table class=\"table-striped\" border=\"0\" width=\"100%\" cellspacing=\"0\" cellpadding=\"0\">\n<tbody>\n<tr>\n<td width=\"33%\">mining and extractive industry<\/td>\n<td width=\"33%\">wood and wood products<\/td>\n<td width=\"33%\">chemicals, chemicals products and fibers<\/td>\n<\/tr>\n<tr>\n<td>rubber and plastics<\/td>\n<td>non-metallic mineral products<\/td>\n<td>concrete, cement, lime, plaster, etc.<\/td>\n<\/tr>\n<tr>\n<td>base metals and products made of metal<\/td>\n<td>machines and equipment<\/td>\n<td>manufacturing not elsewhere classified<\/td>\n<\/tr>\n<tr>\n<td>recycling<\/td>\n<td>electricity supply<\/td>\n<td>gas supply<\/td>\n<\/tr>\n<\/tbody>\n<\/table>\n<div style=\"text-align: center;\"><a id=\"show_materiale\" style=\"margin: 10px auto; text-decoration: underline;\" href=\"#\">Vezi toate domeniile<\/a><\/div>\n<table id=\"materiale_sistem\" class=\"table-striped\" style=\"display: none;\" border=\"0\" width=\"100%\" cellspacing=\"0\" cellpadding=\"0\">\n<tbody>\n<tr>\n<td width=\"33%\">water-based<\/td>\n<td width=\"33%\">constructions<\/td>\n<td width=\"33%\">wholesale and retail trade, motor vehicles repair, motorcycles and personal household goods<\/td>\n<\/tr>\n<tr>\n<td>transport, storage and communications<\/td>\n<td>financial intermediaries, real estate, rentals<\/td>\n<td>engineering services<\/td>\n<\/tr>\n<tr>\n<td>other services<\/td>\n<td>education<\/td>\n<td>health and social assistance<\/td>\n<\/tr>\n<tr>\n<td>other social services<\/td>\n<td><\/td>\n<td><\/td>\n<\/tr>\n<\/tbody>\n<\/table>\n\n\t\t<\/div>\n\t<\/div>\n<\/div><\/div><\/div><div class=\"no-overflow wpb_column vc_column_container vc_col-sm-4 vc_col-has-fill\"><div class=\"vc_column-inner vc_custom_1531935981269\"><div class=\"wpb_wrapper\">\n\t<div class=\"wpb_text_column wpb_content_element  vc_custom_1531932120811\">\n\t\t<div class=\"wpb_wrapper\">\n\t\t\t<h5 style=\"background-color: #ff0000; color: #ffffff; text-align: center; padding: 15px;\">CONSTRUCTION PRODUCTS CERTIFICATION(CE MARKING)<\/h5>\n\n\t\t<\/div>\n\t<\/div>\n\n\t<div class=\"wpb_single_image wpb_content_element vc_align_left  vc_custom_1531932096403\">\n\t\t\n\t\t<figure class=\"wpb_wrapper vc_figure\">\n\t\t\t<div class=\"vc_single_image-wrapper   vc_box_border_grey\"><img loading=\"lazy\" decoding=\"async\" width=\"450\" height=\"171\" src=\"https:\/\/www.qualitycert.ro\/wp-content\/uploads\/2018\/07\/ce.jpg\" class=\"vc_single_image-img attachment-full\" alt=\"\" srcset=\"https:\/\/www.qualitycert.ro\/wp-content\/uploads\/2018\/07\/ce.jpg 450w, https:\/\/www.qualitycert.ro\/wp-content\/uploads\/2018\/07\/ce-300x114.jpg 300w\" sizes=\"(max-width: 450px) 100vw, 450px\" \/><\/div>\n\t\t<\/figure>\n\t<\/div>\n\n\t<div class=\"wpb_text_column wpb_content_element\">\n\t\t<div class=\"wpb_wrapper\">\n\t\t\t<ul>\n<li>Curtain walls;<\/li>\n<li>Wood products for construction;<\/li>\n<li>Wood panels;<\/li>\n<li>Types of cement, construction lime and other hydraulic binders;<\/li>\n<li>Floors;<\/li>\n<li>Interior and exterior wall finishes and ceilings;<\/li>\n<li>Doors, windows, shutters, blinds, portals and related hardware;<\/li>\n<li>Products for concrete, mortar and cement paste;<\/li>\n<li>Adhesives used in construction;<\/li>\n<li>Basic and auxiliary products for masonry;<\/li>\n<li>Metal construction products and related products;<\/li>\n<li>Aggregates for uses subject to strict security requirements;<\/li>\n<li>Aggregates for uses requiring a high degree of security;<\/li>\n<li>Products for road construction;<\/li>\n<li>Prefabricated products of concrete;<\/li>\n<li>Prefabricated products of autoclaved aerated concrete.<\/li>\n<\/ul>\n\n\t\t<\/div>\n\t<\/div>\n<\/div><\/div><\/div><div class=\"no-overflow wpb_column vc_column_container vc_col-sm-4 vc_col-has-fill\"><div class=\"vc_column-inner vc_custom_1531936155637\"><div class=\"wpb_wrapper\">\n\t<div class=\"wpb_text_column wpb_content_element  vc_custom_1531935992898\">\n\t\t<div class=\"wpb_wrapper\">\n\t\t\t<h5 style=\"background-color: #ff0000; color: #ffffff; text-align: center; padding: 15px;\">PRODUCTS CERTIFICATION FOR THE VOLUNTARY DOMAIN<\/h5>\n\n\t\t<\/div>\n\t<\/div>\n\n\t<div class=\"wpb_single_image wpb_content_element vc_align_left  vc_custom_1531932739149\">\n\t\t\n\t\t<figure class=\"wpb_wrapper vc_figure\">\n\t\t\t<div class=\"vc_single_image-wrapper   vc_box_border_grey\"><img loading=\"lazy\" decoding=\"async\" width=\"450\" height=\"171\" src=\"https:\/\/www.qualitycert.ro\/wp-content\/uploads\/2018\/07\/certificare-lemn.jpg\" class=\"vc_single_image-img attachment-full\" alt=\"\" srcset=\"https:\/\/www.qualitycert.ro\/wp-content\/uploads\/2018\/07\/certificare-lemn.jpg 450w, https:\/\/www.qualitycert.ro\/wp-content\/uploads\/2018\/07\/certificare-lemn-300x114.jpg 300w\" sizes=\"(max-width: 450px) 100vw, 450px\" \/><\/div>\n\t\t<\/figure>\n\t<\/div>\n\n\t<div class=\"wpb_text_column wpb_content_element\">\n\t\t<div class=\"wpb_wrapper\">\n\t\t\t<ul>\n<li>Lumber;<\/li>\n<li>Prefabricated stairs;<\/li>\n<li>Concrete, concrete for roads;<\/li>\n<li>Furniture;<\/li>\n<li>Welded nets for concrete reinforcement.<\/li>\n<\/ul>\n\n\t\t<\/div>\n\t<\/div>\n<\/div><\/div><\/div><\/div><!-- Row Backgrounds --><div class=\"vc_row wpb_row vc_row-fluid\"><div class=\"wpb_column vc_column_container vc_col-sm-12\"><div class=\"vc_column-inner\"><div class=\"wpb_wrapper\">\n\t<div class=\"wpb_raw_code wpb_raw_js\">\n\t\t<div class=\"wpb_wrapper\">\n\t\t\t<script type=\"text\/javascript\"> \njQuery(\"#show_materiale\").click(function(){\njQuery(\"#show_materiale\").hide();\njQuery(\"#materiale_sistem\").show('fast');\nreturn false;\n});\n<\/script>\n\t\t<\/div>\n\t<\/div>\n<\/div><\/div><\/div><\/div>","protected":false},"excerpt":{"rendered":"CERTIFICARI ISO Certificarea ISO inseamna atestarea conformitatii sistemelor de management cu standardele de referinta, standarde care solicita organizatiei sa satisfaca cerintele legale si de reglementare aplicabile in cadrul sistemului de management. Emitem certificate ISO recunoscute la nivel european si international, cu suport profesionist pe toata durata derularii contractului. Certificatele noastre va\u00a0confera valoare si credibilitate atat &hellip;","protected":false},"author":1,"featured_media":4330,"parent":0,"menu_order":0,"comment_status":"closed","ping_status":"closed","template":"","meta":{"footnotes":""},"yoast_head":"<!-- This site is optimized with the Yoast SEO plugin v22.5 - https:\/\/yoast.com\/wordpress\/plugins\/seo\/ -->\n<title>certificari ISO- sisteme de management si certificarea produselor<\/title>\n<meta name=\"description\" content=\"certificari ISO sisteme de management (calitate, mediu, sanatate si securitate etc.) si certificari ale produselor pentru domeniile reglementat si voluntar\" \/>\n<meta name=\"robots\" content=\"index, follow, max-snippet:-1, max-image-preview:large, max-video-preview:-1\" \/>\n<link rel=\"canonical\" href=\"https:\/\/www.qualitycert.ro\/en\/certificari-iso-sisteme-de-management-si-certificarea-produselor\/\" \/>\n<meta property=\"og:locale\" content=\"en_US\" \/>\n<meta property=\"og:type\" content=\"article\" \/>\n<meta property=\"og:title\" content=\"certificari ISO- sisteme de management si certificarea produselor\" \/>\n<meta property=\"og:description\" content=\"certificari ISO sisteme de management (calitate, mediu, sanatate si securitate etc.) si certificari ale produselor pentru domeniile reglementat si voluntar\" \/>\n<meta property=\"og:url\" content=\"https:\/\/www.qualitycert.ro\/en\/certificari-iso-sisteme-de-management-si-certificarea-produselor\/\" \/>\n<meta property=\"og:site_name\" content=\"Quality Cert\" \/>\n<meta property=\"article:modified_time\" content=\"2024-09-04T09:36:17+00:00\" \/>\n<meta property=\"og:image\" content=\"https:\/\/www.qualitycert.ro\/wp-content\/uploads\/2018\/06\/12581-1024x683.jpg\" \/>\n\t<meta property=\"og:image:width\" content=\"1024\" \/>\n\t<meta property=\"og:image:height\" content=\"683\" \/>\n\t<meta property=\"og:image:type\" content=\"image\/jpeg\" \/>\n<meta name=\"twitter:card\" content=\"summary_large_image\" \/>\n<meta name=\"twitter:label1\" content=\"Est. reading time\" \/>\n\t<meta name=\"twitter:data1\" content=\"4 minutes\" \/>\n<script type=\"application\/ld+json\" class=\"yoast-schema-graph\">{\"@context\":\"https:\/\/schema.org\",\"@graph\":[{\"@type\":\"WebPage\",\"@id\":\"https:\/\/www.qualitycert.ro\/certificari-iso-sisteme-de-management-si-certificarea-produselor\/\",\"url\":\"https:\/\/www.qualitycert.ro\/certificari-iso-sisteme-de-management-si-certificarea-produselor\/\",\"name\":\"certificari ISO- sisteme de management si certificarea produselor\",\"isPartOf\":{\"@id\":\"https:\/\/www.qualitycert.ro\/#website\"},\"primaryImageOfPage\":{\"@id\":\"https:\/\/www.qualitycert.ro\/certificari-iso-sisteme-de-management-si-certificarea-produselor\/#primaryimage\"},\"image\":{\"@id\":\"https:\/\/www.qualitycert.ro\/certificari-iso-sisteme-de-management-si-certificarea-produselor\/#primaryimage\"},\"thumbnailUrl\":\"https:\/\/www.qualitycert.ro\/wp-content\/uploads\/2018\/06\/12581.jpg\",\"datePublished\":\"2018-06-24T12:27:48+00:00\",\"dateModified\":\"2024-09-04T09:36:17+00:00\",\"description\":\"certificari ISO sisteme de management (calitate, mediu, sanatate si securitate etc.) si certificari ale produselor pentru domeniile reglementat si voluntar\",\"breadcrumb\":{\"@id\":\"https:\/\/www.qualitycert.ro\/certificari-iso-sisteme-de-management-si-certificarea-produselor\/#breadcrumb\"},\"inLanguage\":\"en-US\",\"potentialAction\":[{\"@type\":\"ReadAction\",\"target\":[\"https:\/\/www.qualitycert.ro\/certificari-iso-sisteme-de-management-si-certificarea-produselor\/\"]}]},{\"@type\":\"ImageObject\",\"inLanguage\":\"en-US\",\"@id\":\"https:\/\/www.qualitycert.ro\/certificari-iso-sisteme-de-management-si-certificarea-produselor\/#primaryimage\",\"url\":\"https:\/\/www.qualitycert.ro\/wp-content\/uploads\/2018\/06\/12581.jpg\",\"contentUrl\":\"https:\/\/www.qualitycert.ro\/wp-content\/uploads\/2018\/06\/12581.jpg\",\"width\":7360,\"height\":4912,\"caption\":\"Two smiling business colleagues using tablet at cafe on meeting. Mid adult man and woman in formal wear having video call at outdoor cafe. Digital technology for business concept\"},{\"@type\":\"BreadcrumbList\",\"@id\":\"https:\/\/www.qualitycert.ro\/certificari-iso-sisteme-de-management-si-certificarea-produselor\/#breadcrumb\",\"itemListElement\":[{\"@type\":\"ListItem\",\"position\":1,\"name\":\"Home\",\"item\":\"https:\/\/www.qualitycert.ro\/\"},{\"@type\":\"ListItem\",\"position\":2,\"name\":\"Certific\u0103ri ISO\"}]},{\"@type\":\"WebSite\",\"@id\":\"https:\/\/www.qualitycert.ro\/#website\",\"url\":\"https:\/\/www.qualitycert.ro\/\",\"name\":\"Quality Cert\",\"description\":\"Organism de Certificare\",\"potentialAction\":[{\"@type\":\"SearchAction\",\"target\":{\"@type\":\"EntryPoint\",\"urlTemplate\":\"https:\/\/www.qualitycert.ro\/?s={search_term_string}\"},\"query-input\":\"required name=search_term_string\"}],\"inLanguage\":\"en-US\"}]}<\/script>\n<!-- \/ Yoast SEO plugin. -->","yoast_head_json":{"title":"certificari ISO- sisteme de management si certificarea produselor","description":"certificari ISO sisteme de management (calitate, mediu, sanatate si securitate etc.) si certificari ale produselor pentru domeniile reglementat si voluntar","robots":{"index":"index","follow":"follow","max-snippet":"max-snippet:-1","max-image-preview":"max-image-preview:large","max-video-preview":"max-video-preview:-1"},"canonical":"https:\/\/www.qualitycert.ro\/en\/certificari-iso-sisteme-de-management-si-certificarea-produselor\/","og_locale":"en_US","og_type":"article","og_title":"certificari ISO- sisteme de management si certificarea produselor","og_description":"certificari ISO sisteme de management (calitate, mediu, sanatate si securitate etc.) si certificari ale produselor pentru domeniile reglementat si voluntar","og_url":"https:\/\/www.qualitycert.ro\/en\/certificari-iso-sisteme-de-management-si-certificarea-produselor\/","og_site_name":"Quality Cert","article_modified_time":"2024-09-04T09:36:17+00:00","og_image":[{"width":1024,"height":683,"url":"https:\/\/www.qualitycert.ro\/wp-content\/uploads\/2018\/06\/12581-1024x683.jpg","type":"image\/jpeg"}],"twitter_card":"summary_large_image","twitter_misc":{"Est. reading time":"4 minutes"},"schema":{"@context":"https:\/\/schema.org","@graph":[{"@type":"WebPage","@id":"https:\/\/www.qualitycert.ro\/certificari-iso-sisteme-de-management-si-certificarea-produselor\/","url":"https:\/\/www.qualitycert.ro\/certificari-iso-sisteme-de-management-si-certificarea-produselor\/","name":"certificari ISO- sisteme de management si certificarea produselor","isPartOf":{"@id":"https:\/\/www.qualitycert.ro\/#website"},"primaryImageOfPage":{"@id":"https:\/\/www.qualitycert.ro\/certificari-iso-sisteme-de-management-si-certificarea-produselor\/#primaryimage"},"image":{"@id":"https:\/\/www.qualitycert.ro\/certificari-iso-sisteme-de-management-si-certificarea-produselor\/#primaryimage"},"thumbnailUrl":"https:\/\/www.qualitycert.ro\/wp-content\/uploads\/2018\/06\/12581.jpg","datePublished":"2018-06-24T12:27:48+00:00","dateModified":"2024-09-04T09:36:17+00:00","description":"certificari ISO sisteme de management (calitate, mediu, sanatate si securitate etc.) si certificari ale produselor pentru domeniile reglementat si voluntar","breadcrumb":{"@id":"https:\/\/www.qualitycert.ro\/certificari-iso-sisteme-de-management-si-certificarea-produselor\/#breadcrumb"},"inLanguage":"en-US","potentialAction":[{"@type":"ReadAction","target":["https:\/\/www.qualitycert.ro\/certificari-iso-sisteme-de-management-si-certificarea-produselor\/"]}]},{"@type":"ImageObject","inLanguage":"en-US","@id":"https:\/\/www.qualitycert.ro\/certificari-iso-sisteme-de-management-si-certificarea-produselor\/#primaryimage","url":"https:\/\/www.qualitycert.ro\/wp-content\/uploads\/2018\/06\/12581.jpg","contentUrl":"https:\/\/www.qualitycert.ro\/wp-content\/uploads\/2018\/06\/12581.jpg","width":7360,"height":4912,"caption":"Two smiling business colleagues using tablet at cafe on meeting. Mid adult man and woman in formal wear having video call at outdoor cafe. Digital technology for business concept"},{"@type":"BreadcrumbList","@id":"https:\/\/www.qualitycert.ro\/certificari-iso-sisteme-de-management-si-certificarea-produselor\/#breadcrumb","itemListElement":[{"@type":"ListItem","position":1,"name":"Home","item":"https:\/\/www.qualitycert.ro\/"},{"@type":"ListItem","position":2,"name":"Certific\u0103ri ISO"}]},{"@type":"WebSite","@id":"https:\/\/www.qualitycert.ro\/#website","url":"https:\/\/www.qualitycert.ro\/","name":"Quality Cert","description":"Organism de Certificare","potentialAction":[{"@type":"SearchAction","target":{"@type":"EntryPoint","urlTemplate":"https:\/\/www.qualitycert.ro\/?s={search_term_string}"},"query-input":"required name=search_term_string"}],"inLanguage":"en-US"}]}},"_links":{"self":[{"href":"https:\/\/www.qualitycert.ro\/en\/wp-json\/wp\/v2\/pages\/4093"}],"collection":[{"href":"https:\/\/www.qualitycert.ro\/en\/wp-json\/wp\/v2\/pages"}],"about":[{"href":"https:\/\/www.qualitycert.ro\/en\/wp-json\/wp\/v2\/types\/page"}],"author":[{"embeddable":true,"href":"https:\/\/www.qualitycert.ro\/en\/wp-json\/wp\/v2\/users\/1"}],"replies":[{"embeddable":true,"href":"https:\/\/www.qualitycert.ro\/en\/wp-json\/wp\/v2\/comments?post=4093"}],"version-history":[{"count":117,"href":"https:\/\/www.qualitycert.ro\/en\/wp-json\/wp\/v2\/pages\/4093\/revisions"}],"predecessor-version":[{"id":6127,"href":"https:\/\/www.qualitycert.ro\/en\/wp-json\/wp\/v2\/pages\/4093\/revisions\/6127"}],"wp:featuredmedia":[{"embeddable":true,"href":"https:\/\/www.qualitycert.ro\/en\/wp-json\/wp\/v2\/media\/4330"}],"wp:attachment":[{"href":"https:\/\/www.qualitycert.ro\/en\/wp-json\/wp\/v2\/media?parent=4093"}],"curies":[{"name":"wp","href":"https:\/\/api.w.org\/{rel}","templated":true}]}}